{"id":30241,"date":"2020-12-10T16:11:21","date_gmt":"2020-12-10T15:11:21","guid":{"rendered":"https:\/\/www.alivechurch.de\/21tagedesgebets-2\/"},"modified":"2026-01-12T16:07:01","modified_gmt":"2026-01-12T15:07:01","slug":"gebet","status":"publish","type":"page","link":"https:\/\/www.alivechurch.de\/ru\/gebet\/","title":{"rendered":"Gebetswoche"},"content":{"rendered":"<div id=\"fws_69f5cea9b5025\"  data-column-margin=\"default\" data-midnight=\"dark\"  class=\"wpb_row vc_row-fluid vc_row full-width-content vc_row-o-equal-height vc_row-flex vc_row-o-content-top\"  style=\"padding-top: 0px; padding-bottom: 0px; \"><div class=\"row-bg-wrap\" data-bg-animation=\"none\" data-bg-animation-delay=\"\" data-bg-overlay=\"false\"><div class=\"inner-wrap row-bg-layer\" ><div class=\"row-bg viewport-desktop\"  style=\"\"><\/div><\/div><\/div><div class=\"row_col_wrap_12 col span_12 dark left\">\n\t<div  class=\"vc_col-sm-12 wpb_column column_container vc_column_container col no-extra-padding inherit_tablet inherit_phone\"  data-padding-pos=\"all\" data-has-bg-color=\"false\" data-bg-color=\"\" data-bg-opacity=\"1\" data-animation=\"\" data-delay=\"0\" >\n\t\t<div class=\"vc_column-inner\" >\n\t\t\t<div class=\"wpb_wrapper\">\n\t\t\t\t<div class=\"img-with-aniamtion-wrap center\" data-max-width=\"100%\" data-max-width-mobile=\"default\" data-shadow=\"none\" data-animation=\"fade-in\" >\n      <div class=\"inner\">\n        <div class=\"hover-wrap\"> \n          <div class=\"hover-wrap-inner\">\n            <img loading=\"lazy\" decoding=\"async\" class=\"img-with-animation skip-lazy\" data-delay=\"0\" height=\"1080\" width=\"1920\" data-animation=\"fade-in\" src=\"https:\/\/www.alivechurch.de\/wp-content\/uploads\/2020\/03\/Pray-Team-Night_Titel.jpg\" alt=\"\" srcset=\"https:\/\/www.alivechurch.de\/wp-content\/uploads\/2020\/03\/Pray-Team-Night_Titel.jpg 1920w, https:\/\/www.alivechurch.de\/wp-content\/uploads\/2020\/03\/Pray-Team-Night_Titel-300x169.jpg 300w, https:\/\/www.alivechurch.de\/wp-content\/uploads\/2020\/03\/Pray-Team-Night_Titel-1024x576.jpg 1024w, https:\/\/www.alivechurch.de\/wp-content\/uploads\/2020\/03\/Pray-Team-Night_Titel-768x432.jpg 768w, https:\/\/www.alivechurch.de\/wp-content\/uploads\/2020\/03\/Pray-Team-Night_Titel-1536x864.jpg 1536w\" sizes=\"auto, (max-width: 1920px) 100vw, 1920px\" \/>\n          <\/div>\n        <\/div>\n      <\/div>\n    <\/div>\n\t\t\t<\/div> \n\t\t<\/div>\n\t<\/div> \n<\/div><\/div>\n\t\t<div id=\"home\"  data-column-margin=\"90px\" data-midnight=\"dark\" data-top-percent=\"6%\" data-bottom-percent=\"2%\"  class=\"wpb_row vc_row-fluid vc_row full-width-section vc_row-o-equal-height vc_row-flex vc_row-o-content-middle  reverse_columns_column_tablet reverse_columns_column_phone top_padding_tablet_8pct bottom_padding_tablet_8pct\"  style=\"padding-top: calc(100vw * 0.06); padding-bottom: calc(100vw * 0.02); \"><div class=\"row-bg-wrap\" data-bg-animation=\"none\" data-bg-animation-delay=\"\" data-bg-overlay=\"false\"><div class=\"inner-wrap row-bg-layer\" ><div class=\"row-bg viewport-desktop using-bg-color\"  style=\"background-color: #ffffff; \"><\/div><\/div><\/div><div class=\"row_col_wrap_12 col span_12 dark left\">\n\t<div  class=\"vc_col-sm-6 vc_col-xs-12 wpb_column column_container vc_column_container col no-extra-padding inherit_tablet inherit_phone\"  data-padding-pos=\"all\" data-has-bg-color=\"false\" data-bg-color=\"\" data-bg-opacity=\"1\" data-animation=\"\" data-delay=\"0\" >\n\t\t<div class=\"vc_column-inner\" >\n\t\t\t<div class=\"wpb_wrapper\">\n\t\t\t\t<div id=\"fws_69f5cea9b6fda\" data-midnight=\"\" data-column-margin=\"default\" class=\"wpb_row vc_row-fluid vc_row inner_row\"  style=\"\"><div class=\"row-bg-wrap\"> <div class=\"row-bg\" ><\/div> <\/div><div class=\"row_col_wrap_12_inner col span_12  left\">\n\t<div style=\"\" class=\"vc_col-sm-12 wpb_column column_container vc_column_container col child_column no-extra-padding inherit_tablet inherit_phone\"  data-using-bg=\"true\" data-bg-cover=\"true\" data-padding-pos=\"all\" data-has-bg-color=\"false\" data-bg-color=\"\" data-bg-opacity=\"1\" data-animation=\"\" data-delay=\"0\" >\n\t\t<div class=\"vc_column-inner\" ><div class=\"column-image-bg-wrap column-bg-layer viewport-desktop\" data-n-parallax-bg=\"true\" data-parallax-speed=\"fast\" data-bg-pos=\"center bottom\" data-bg-animation=\"none\" data-bg-overlay=\"false\"><div class=\"inner-wrap\"><div class=\"column-image-bg parallax-layer\" style=\" background-image: url('https:\/\/www.alivechurch.de\/wp-content\/uploads\/2023\/01\/foto-pray.jpg'); \"><\/div><\/div><\/div>\n\t\t<div class=\"wpb_wrapper\">\n\t\t\t<div class=\"divider-wrap height_tablet_40vh height_phone_300px\" data-alignment=\"default\"><div style=\"height: 55vh;\" class=\"divider\"><\/div><\/div>\n\t\t<\/div> \n\t<\/div>\n\t<\/div> \n<\/div><\/div>\n\t\t\t<\/div> \n\t\t<\/div>\n\t<\/div> \n\n\t<div style=\"z-index: 100; \" class=\"vc_col-sm-6 vc_col-xs-12 wpb_column column_container vc_column_container col padding-4-percent el_spacing_10px no-extra-padding_tablet no-extra-padding_phone\"  data-padding-pos=\"right\" data-has-bg-color=\"false\" data-bg-color=\"\" data-bg-opacity=\"1\" data-animation=\"\" data-delay=\"0\" >\n\t\t<div class=\"vc_column-inner\" >\n\t\t\t<div class=\"wpb_wrapper\">\n\t\t\t\t<div id=\"fws_69f5cea9b859e\" data-midnight=\"\" data-column-margin=\"default\" class=\"wpb_row vc_row-fluid vc_row inner_row\"  style=\"\"><div class=\"row-bg-wrap\"> <div class=\"row-bg\" ><\/div> <\/div><div class=\"row_col_wrap_12_inner col span_12  left\">\n\t<div  class=\"vc_col-sm-12 wpb_column column_container vc_column_container col child_column has-animation no-extra-padding el_spacing_5px inherit_tablet inherit_phone\"   data-padding-pos=\"all\" data-has-bg-color=\"false\" data-bg-color=\"\" data-bg-opacity=\"1\" data-animation=\"fade-in-from-bottom\" data-delay=\"0\" >\n\t\t<div class=\"vc_column-inner\" >\n\t\t<div class=\"wpb_wrapper\">\n\t\t\t\n<div class=\"wpb_text_column wpb_content_element\" >\n\t<div class=\"wpb_wrapper\">\n\t\t<h1><strong>\u043c\u043e\u043b\u0438\u0442\u0432\u0430<\/strong><\/h1>\n\t<\/div>\n<\/div>\n\n\n\n\n<div class=\"wpb_text_column wpb_content_element\" >\n\t<div class=\"wpb_wrapper\">\n\t\t<p>Wir wollen gemeinsam Gott suchen. 3 mal im Jahr 2026 an f\u00fcnf Tagen nehmen wir uns genau daf\u00fcr Zeit. Von Montag bis Freitag treffen wir uns, um 19 Uhr f\u00fcr ca. 1,5 Stunden zum gemeinsamen Gebet. Neben Worship und kurzen Predigt-Impulsen nehmen wir uns vor allem Zeit, um f\u00fcr die verschiedenen Anliegen der Church aber auch ganz pers\u00f6nlich f\u00fcreinander zu beten.<\/p>\n<p>\u041d\u0430\u0439\u0434\u0438\u0442\u0435 \u0432\u0440\u0435\u043c\u044f \u0434\u043b\u044f \u044d\u0442\u0438\u0445 \u043e\u0441\u043e\u0431\u0435\u043d\u043d\u044b\u0445 \u0434\u043d\u0435\u0439. \u041e\u043d\u0438 \u0438\u0437\u043c\u0435\u043d\u044f\u0442 \u0432\u0430\u0448 \u0433\u043e\u0434.<\/p>\n\t<\/div>\n<\/div>\n\n\n\n\n\t\t<\/div> \n\t<\/div>\n\t<\/div> \n<\/div><\/div>\n\t\t\t<\/div> \n\t\t<\/div>\n\t<\/div> \n<\/div><\/div>\n\t\t<div id=\"fws_69f5cea9b9177\"  data-column-margin=\"80px\" data-midnight=\"dark\" data-top-percent=\"8%\" data-bottom-percent=\"8%\"  class=\"wpb_row vc_row-fluid vc_row full-width-section\"  style=\"padding-top: calc(100vw * 0.08); padding-bottom: calc(100vw * 0.08); \"><div class=\"row-bg-wrap\" data-bg-animation=\"none\" data-bg-animation-delay=\"\" data-bg-overlay=\"false\"><div class=\"inner-wrap row-bg-layer\" ><div class=\"row-bg viewport-desktop\"  style=\"\"><\/div><\/div><\/div><div class=\"row_col_wrap_12 col span_12 dark left\">\n\t<div  class=\"vc_col-sm-4 wpb_column column_container vc_column_container col has-animation padding-2-percent inherit_tablet inherit_phone\"  data-padding-pos=\"bottom\" data-has-bg-color=\"false\" data-bg-color=\"\" data-bg-opacity=\"1\" data-animation=\"fade-in-from-bottom\" data-delay=\"0\" >\n\t\t<div class=\"vc_column-inner\" >\n\t\t\t<div class=\"wpb_wrapper\">\n\t\t\t\t\n<div class=\"wpb_text_column wpb_content_element  vc_custom_1766064533398\" >\n\t<div class=\"wpb_wrapper\">\n\t\t<h2>\u0414\u0430\u0442\u044b<\/h2>\n<p>12. &#8211; 16. Januar 2026<br \/>\n06. &#8211; 09. Juli 2026<br \/>\n12. &#8211; 16. Oktober 2026<\/p>\n\t<\/div>\n<\/div>\n\n\n\n\n\t\t\t<\/div> \n\t\t<\/div>\n\t<\/div> \n\n\t<div  class=\"vc_col-sm-8 wpb_column column_container vc_column_container col no-extra-padding inherit_tablet inherit_phone\"  data-padding-pos=\"all\" data-has-bg-color=\"false\" data-bg-color=\"\" data-bg-opacity=\"1\" data-animation=\"\" data-delay=\"0\" >\n\t\t<div class=\"vc_column-inner\" >\n\t\t\t<div class=\"wpb_wrapper\">\n\t\t\t\t<div id=\"fws_69f5cea9b9a87\" data-midnight=\"\" data-column-margin=\"90px\" class=\"wpb_row vc_row-fluid vc_row inner_row\"  style=\"\"><div class=\"row-bg-wrap\"> <div class=\"row-bg\" ><\/div> <\/div><div class=\"row_col_wrap_12_inner col span_12  left\">\n\t<div  class=\"vc_col-sm-6 wpb_column column_container vc_column_container col child_column has-animation padding-3-percent inherit_tablet inherit_phone\"   data-padding-pos=\"bottom\" data-has-bg-color=\"false\" data-bg-color=\"\" data-bg-opacity=\"1\" data-animation=\"fade-in-from-bottom\" data-delay=\"0\" >\n\t\t<div class=\"vc_column-inner\" >\n\t\t<div class=\"wpb_wrapper\">\n\t\t\t\n<div class=\"wpb_text_column wpb_content_element\" >\n\t<div class=\"wpb_wrapper\">\n\t\t<p><strong>\u041a\u0430\u0440\u043b\u0441\u0440\u0443\u044d<\/strong>\u041c\u044b \u0432\u0441\u0442\u0440\u0435\u0447\u0430\u0435\u043c\u0441\u044f \u0432 \u0446\u0435\u0440\u043a\u0432\u0438 Alive (Amalienbadstr. 5, 76227 Karlsruhe).<\/p>\n<p><strong>\u041b\u044e\u0434\u0432\u0438\u0433\u0441\u0445\u0430\u0444\u0435\u043d:<\/strong> Nimm gerne online teil oder komm nach Karlsruhe<\/p>\n<p><strong>\u041e\u043d\u043b\u0430\u0439\u043d:<\/strong><br \/>\nVon Montag-Freitag gibt einen Livestream \u00fcber den du dabei sein kannst.<\/p>\n\t<\/div>\n<\/div>\n\n\n\n<a class=\"nectar-button large regular accent-color  regular-button\"  role=\"button\" style=\"\"  href=\"https:\/\/linktr.ee\/alivechurchgebet\" data-color-override=\"false\" data-hover-color-override=\"false\" data-hover-text-color-override=\"#fff\"><span>Hier geht es zu den Livestream links<\/span><\/a>\n\t\t<\/div> \n\t<\/div>\n\t<\/div> \n\n\t<div  class=\"vc_col-sm-6 wpb_column column_container vc_column_container col child_column has-animation no-extra-padding inherit_tablet inherit_phone\"   data-padding-pos=\"all\" data-has-bg-color=\"false\" data-bg-color=\"\" data-bg-opacity=\"1\" data-animation=\"fade-in-from-bottom\" data-delay=\"100\" >\n\t\t<div class=\"vc_column-inner\" >\n\t\t<div class=\"wpb_wrapper\">\n\t\t\t\n<div class=\"wpb_text_column wpb_content_element\" >\n\t<div class=\"wpb_wrapper\">\n\t\t<h4><strong>\u041c\u043e\u043b\u0438\u0442\u0432\u0435\u043d\u043d\u044b\u0435 \u043f\u0440\u043e\u0441\u044c\u0431\u044b<\/strong><\/h4>\n\t<\/div>\n<\/div>\n\n\n\n\n<div class=\"wpb_text_column wpb_content_element\" >\n\t<div class=\"wpb_wrapper\">\n\t\t<p><span data-contrast=\"none\">\u0417\u0434\u0435\u0441\u044c \u0432\u044b \u043c\u043e\u0436\u0435\u0442\u0435 \u043e\u0442\u043f\u0440\u0430\u0432\u0438\u0442\u044c \u043d\u0430\u043c \u0441\u0432\u043e\u0438 \u043c\u043e\u043b\u0438\u0442\u0432\u0435\u043d\u043d\u044b\u0435 \u043f\u0440\u043e\u0441\u044c\u0431\u044b \u0438\u043b\u0438 \u043e\u0442\u0432\u0435\u0442\u044b \u043d\u0430 \u043c\u043e\u043b\u0438\u0442\u0432\u044b. \u041c\u044b \u0431\u0443\u0434\u0435\u043c \u043e\u0447\u0435\u043d\u044c \u0440\u0430\u0434\u044b \u0443\u0441\u043b\u044b\u0448\u0430\u0442\u044c \u0432\u0430\u0441.<\/span><span data-ccp-props=\"{&quot;201341983&quot;:0,&quot;335559739&quot;:160,&quot;335559740&quot;:259}\">\u00a0<\/span><\/p>\n\t<\/div>\n<\/div>\n\n\n\n<a class=\"nectar-button large regular accent-color  regular-button\"  role=\"button\" style=\"\"  href=\"mailto:21tage@alivechurch.de\" data-color-override=\"false\" data-hover-color-override=\"false\" data-hover-text-color-override=\"#fff\"><span>\u041e\u0442\u043f\u0440\u0430\u0432\u0438\u0442\u044c \u044d\u043b\u0435\u043a\u0442\u0440\u043e\u043d\u043d\u043e\u0435 \u043f\u0438\u0441\u044c\u043c\u043e \u0441\u0435\u0439\u0447\u0430\u0441<\/span><\/a>\n\t\t<\/div> \n\t<\/div>\n\t<\/div> \n<\/div><\/div>\n\t\t\t<\/div> \n\t\t<\/div>\n\t<\/div> \n<\/div><\/div>","protected":false},"excerpt":{"rendered":"Pray Wir wollen gemeinsam Gott suchen. 3 mal im Jahr 2026 an f\u00fcnf Tagen nehmen wir uns genau daf\u00fcr Zeit. Von Montag bis Freitag treffen...","protected":false},"author":10,"featured_media":0,"parent":0,"menu_order":0,"comment_status":"closed","ping_status":"closed","template":"","meta":{"footnotes":""},"class_list":["post-30241","page","type-page","status-publish"],"yoast_head":"<!-- This site is optimized with the Yoast SEO plugin v27.5 - https:\/\/yoast.com\/product\/yoast-seo-wordpress\/ -->\n<title>Gebetswoche - Alive Church<\/title>\n<meta name=\"robots\" content=\"index, follow, max-snippet:-1, max-image-preview:large, max-video-preview:-1\" \/>\n<link rel=\"canonical\" href=\"https:\/\/www.alivechurch.de\/ru\/gebet\/\" \/>\n<meta property=\"og:locale\" content=\"ru_RU\" \/>\n<meta property=\"og:type\" content=\"article\" \/>\n<meta property=\"og:title\" content=\"Gebetswoche - Alive Church\" \/>\n<meta property=\"og:url\" content=\"https:\/\/www.alivechurch.de\/ru\/gebet\/\" \/>\n<meta property=\"og:site_name\" content=\"Alive Church\" \/>\n<meta property=\"article:modified_time\" content=\"2026-01-12T15:07:01+00:00\" \/>\n<meta name=\"twitter:card\" content=\"summary_large_image\" \/>\n<meta name=\"twitter:label1\" content=\"\u041f\u0440\u0438\u043c\u0435\u0440\u043d\u043e\u0435 \u0432\u0440\u0435\u043c\u044f \u0434\u043b\u044f \u0447\u0442\u0435\u043d\u0438\u044f\" \/>\n\t<meta name=\"twitter:data1\" content=\"2 \u043c\u0438\u043d\u0443\u0442\u044b\" \/>\n<script type=\"application\/ld+json\" class=\"yoast-schema-graph\">{\"@context\":\"https:\\\/\\\/schema.org\",\"@graph\":[{\"@type\":\"WebPage\",\"@id\":\"https:\\\/\\\/www.alivechurch.de\\\/gebet\\\/\",\"url\":\"https:\\\/\\\/www.alivechurch.de\\\/gebet\\\/\",\"name\":\"Gebetswoche - Alive Church\",\"isPartOf\":{\"@id\":\"https:\\\/\\\/www.alivechurch.de\\\/#website\"},\"datePublished\":\"2020-12-10T15:11:21+00:00\",\"dateModified\":\"2026-01-12T15:07:01+00:00\",\"breadcrumb\":{\"@id\":\"https:\\\/\\\/www.alivechurch.de\\\/gebet\\\/#breadcrumb\"},\"inLanguage\":\"ru-RU\",\"potentialAction\":[{\"@type\":\"ReadAction\",\"target\":[\"https:\\\/\\\/www.alivechurch.de\\\/gebet\\\/\"]}]},{\"@type\":\"BreadcrumbList\",\"@id\":\"https:\\\/\\\/www.alivechurch.de\\\/gebet\\\/#breadcrumb\",\"itemListElement\":[{\"@type\":\"ListItem\",\"position\":1,\"name\":\"Startseite\",\"item\":\"https:\\\/\\\/www.alivechurch.de\\\/\"},{\"@type\":\"ListItem\",\"position\":2,\"name\":\"Gebetswoche\"}]},{\"@type\":\"WebSite\",\"@id\":\"https:\\\/\\\/www.alivechurch.de\\\/#website\",\"url\":\"https:\\\/\\\/www.alivechurch.de\\\/\",\"name\":\"Alive Church\",\"description\":\"Welcome Home\",\"publisher\":{\"@id\":\"https:\\\/\\\/www.alivechurch.de\\\/#organization\"},\"potentialAction\":[{\"@type\":\"SearchAction\",\"target\":{\"@type\":\"EntryPoint\",\"urlTemplate\":\"https:\\\/\\\/www.alivechurch.de\\\/?s={search_term_string}\"},\"query-input\":{\"@type\":\"PropertyValueSpecification\",\"valueRequired\":true,\"valueName\":\"search_term_string\"}}],\"inLanguage\":\"ru-RU\"},{\"@type\":\"Organization\",\"@id\":\"https:\\\/\\\/www.alivechurch.de\\\/#organization\",\"name\":\"Alive Church\",\"url\":\"https:\\\/\\\/www.alivechurch.de\\\/\",\"logo\":{\"@type\":\"ImageObject\",\"inLanguage\":\"ru-RU\",\"@id\":\"https:\\\/\\\/www.alivechurch.de\\\/#\\\/schema\\\/logo\\\/image\\\/\",\"url\":\"https:\\\/\\\/www.alivechurch.de\\\/wp-content\\\/uploads\\\/2020\\\/04\\\/Logo.png\",\"contentUrl\":\"https:\\\/\\\/www.alivechurch.de\\\/wp-content\\\/uploads\\\/2020\\\/04\\\/Logo.png\",\"width\":1115,\"height\":1100,\"caption\":\"Alive Church\"},\"image\":{\"@id\":\"https:\\\/\\\/www.alivechurch.de\\\/#\\\/schema\\\/logo\\\/image\\\/\"},\"sameAs\":[\"https:\\\/\\\/www.instagram.com\\\/alivechurchde\\\/\"]}]}<\/script>\n<!-- \/ Yoast SEO plugin. -->","yoast_head_json":{"title":"Gebetswoche - Alive Church","robots":{"index":"index","follow":"follow","max-snippet":"max-snippet:-1","max-image-preview":"max-image-preview:large","max-video-preview":"max-video-preview:-1"},"canonical":"https:\/\/www.alivechurch.de\/ru\/gebet\/","og_locale":"ru_RU","og_type":"article","og_title":"Gebetswoche - Alive Church","og_url":"https:\/\/www.alivechurch.de\/ru\/gebet\/","og_site_name":"Alive Church","article_modified_time":"2026-01-12T15:07:01+00:00","twitter_card":"summary_large_image","twitter_misc":{"\u041f\u0440\u0438\u043c\u0435\u0440\u043d\u043e\u0435 \u0432\u0440\u0435\u043c\u044f \u0434\u043b\u044f \u0447\u0442\u0435\u043d\u0438\u044f":"2 \u043c\u0438\u043d\u0443\u0442\u044b"},"schema":{"@context":"https:\/\/schema.org","@graph":[{"@type":"WebPage","@id":"https:\/\/www.alivechurch.de\/gebet\/","url":"https:\/\/www.alivechurch.de\/gebet\/","name":"Gebetswoche - Alive Church","isPartOf":{"@id":"https:\/\/www.alivechurch.de\/#website"},"datePublished":"2020-12-10T15:11:21+00:00","dateModified":"2026-01-12T15:07:01+00:00","breadcrumb":{"@id":"https:\/\/www.alivechurch.de\/gebet\/#breadcrumb"},"inLanguage":"ru-RU","potentialAction":[{"@type":"ReadAction","target":["https:\/\/www.alivechurch.de\/gebet\/"]}]},{"@type":"BreadcrumbList","@id":"https:\/\/www.alivechurch.de\/gebet\/#breadcrumb","itemListElement":[{"@type":"ListItem","position":1,"name":"Startseite","item":"https:\/\/www.alivechurch.de\/"},{"@type":"ListItem","position":2,"name":"Gebetswoche"}]},{"@type":"WebSite","@id":"https:\/\/www.alivechurch.de\/#website","url":"https:\/\/www.alivechurch.de\/","name":"\u0416\u0438\u0432\u0430\u044f \u0446\u0435\u0440\u043a\u043e\u0432\u044c","description":"\u0414\u043e\u0431\u0440\u043e \u043f\u043e\u0436\u0430\u043b\u043e\u0432\u0430\u0442\u044c \u0434\u043e\u043c\u043e\u0439","publisher":{"@id":"https:\/\/www.alivechurch.de\/#organization"},"potentialAction":[{"@type":"SearchAction","target":{"@type":"EntryPoint","urlTemplate":"https:\/\/www.alivechurch.de\/?s={search_term_string}"},"query-input":{"@type":"PropertyValueSpecification","valueRequired":true,"valueName":"search_term_string"}}],"inLanguage":"ru-RU"},{"@type":"Organization","@id":"https:\/\/www.alivechurch.de\/#organization","name":"\u0416\u0438\u0432\u0430\u044f \u0446\u0435\u0440\u043a\u043e\u0432\u044c","url":"https:\/\/www.alivechurch.de\/","logo":{"@type":"ImageObject","inLanguage":"ru-RU","@id":"https:\/\/www.alivechurch.de\/#\/schema\/logo\/image\/","url":"https:\/\/www.alivechurch.de\/wp-content\/uploads\/2020\/04\/Logo.png","contentUrl":"https:\/\/www.alivechurch.de\/wp-content\/uploads\/2020\/04\/Logo.png","width":1115,"height":1100,"caption":"Alive Church"},"image":{"@id":"https:\/\/www.alivechurch.de\/#\/schema\/logo\/image\/"},"sameAs":["https:\/\/www.instagram.com\/alivechurchde\/"]}]}},"_links":{"self":[{"href":"https:\/\/www.alivechurch.de\/ru\/wp-json\/wp\/v2\/pages\/30241","targetHints":{"allow":["GET"]}}],"collection":[{"href":"https:\/\/www.alivechurch.de\/ru\/wp-json\/wp\/v2\/pages"}],"about":[{"href":"https:\/\/www.alivechurch.de\/ru\/wp-json\/wp\/v2\/types\/page"}],"author":[{"embeddable":true,"href":"https:\/\/www.alivechurch.de\/ru\/wp-json\/wp\/v2\/users\/10"}],"replies":[{"embeddable":true,"href":"https:\/\/www.alivechurch.de\/ru\/wp-json\/wp\/v2\/comments?post=30241"}],"version-history":[{"count":8,"href":"https:\/\/www.alivechurch.de\/ru\/wp-json\/wp\/v2\/pages\/30241\/revisions"}],"predecessor-version":[{"id":30384,"href":"https:\/\/www.alivechurch.de\/ru\/wp-json\/wp\/v2\/pages\/30241\/revisions\/30384"}],"wp:attachment":[{"href":"https:\/\/www.alivechurch.de\/ru\/wp-json\/wp\/v2\/media?parent=30241"}],"curies":[{"name":"wp","href":"https:\/\/api.w.org\/{rel}","templated":true}]}}