{"id":28844,"date":"2024-01-24T14:38:41","date_gmt":"2024-01-24T13:38:41","guid":{"rendered":"https:\/\/www.alivechurch.de\/jahresmotto-2024-2\/"},"modified":"2026-01-28T17:08:35","modified_gmt":"2026-01-28T16:08:35","slug":"jahresmotto-2026","status":"publish","type":"page","link":"https:\/\/www.alivechurch.de\/en\/jahresmotto-2026\/","title":{"rendered":"Jahresmotto 2026"},"content":{"rendered":"<div id=\"fws_69e0303b8f3ec\"  data-column-margin=\"default\" data-midnight=\"dark\"  class=\"wpb_row vc_row-fluid vc_row full-width-content vc_row-o-equal-height vc_row-flex vc_row-o-content-top\"  style=\"padding-top: 0px; padding-bottom: 0px; \"><div class=\"row-bg-wrap\" data-bg-animation=\"none\" data-bg-animation-delay=\"\" data-bg-overlay=\"false\"><div class=\"inner-wrap row-bg-layer\" ><div class=\"row-bg viewport-desktop\"  style=\"\"><\/div><\/div><\/div><div class=\"row_col_wrap_12 col span_12 dark left\">\n\t<div  class=\"vc_col-sm-12 wpb_column column_container vc_column_container col no-extra-padding inherit_tablet inherit_phone\"  data-padding-pos=\"all\" data-has-bg-color=\"false\" data-bg-color=\"\" data-bg-opacity=\"1\" data-animation=\"\" data-delay=\"0\" >\n\t\t<div class=\"vc_column-inner\" >\n\t\t\t<div class=\"wpb_wrapper\">\n\t\t\t\t<div class=\"img-with-aniamtion-wrap\" data-max-width=\"100%\" data-max-width-mobile=\"default\" data-shadow=\"none\" data-animation=\"none\" >\n      <div class=\"inner\">\n        <div class=\"hover-wrap\"> \n          <div class=\"hover-wrap-inner\">\n            <img loading=\"lazy\" decoding=\"async\" class=\"img-with-animation skip-lazy\" data-delay=\"0\" height=\"1080\" width=\"1920\" data-animation=\"none\" src=\"https:\/\/www.alivechurch.de\/wp-content\/uploads\/2026\/01\/Grundfolie-2.jpg\" alt=\"\" srcset=\"https:\/\/www.alivechurch.de\/wp-content\/uploads\/2026\/01\/Grundfolie-2.jpg 1920w, https:\/\/www.alivechurch.de\/wp-content\/uploads\/2026\/01\/Grundfolie-2-300x169.jpg 300w, https:\/\/www.alivechurch.de\/wp-content\/uploads\/2026\/01\/Grundfolie-2-1024x576.jpg 1024w, https:\/\/www.alivechurch.de\/wp-content\/uploads\/2026\/01\/Grundfolie-2-768x432.jpg 768w, https:\/\/www.alivechurch.de\/wp-content\/uploads\/2026\/01\/Grundfolie-2-1536x864.jpg 1536w, https:\/\/www.alivechurch.de\/wp-content\/uploads\/2026\/01\/Grundfolie-2-18x10.jpg 18w\" sizes=\"auto, (max-width: 1920px) 100vw, 1920px\" \/>\n          <\/div>\n        <\/div>\n      <\/div>\n    <\/div>\n\t\t\t<\/div> \n\t\t<\/div>\n\t<\/div> \n<\/div><\/div>\n\t\t<div id=\"fws_69e0303b91b89\"  data-column-margin=\"default\" data-midnight=\"dark\" data-top-percent=\"8%\" data-bottom-percent=\"8%\"  class=\"wpb_row vc_row-fluid vc_row full-width-content vc_row-o-equal-height vc_row-flex vc_row-o-content-top  right_padding_7pct left_padding_7pct top_padding_phone_100px bottom_padding_phone_100px\"  style=\"padding-top: calc(100vw * 0.08); padding-bottom: calc(100vw * 0.08); \"><div class=\"row-bg-wrap\" data-bg-animation=\"none\" data-bg-animation-delay=\"\" data-bg-overlay=\"false\"><div class=\"inner-wrap row-bg-layer\" ><div class=\"row-bg viewport-desktop using-bg-color\"  style=\"background-color: #a6e837; \"><\/div><\/div><\/div><div class=\"row_col_wrap_12 col span_12 dark left\">\n\t<div  class=\"vc_col-sm-12 wpb_column column_container vc_column_container col no-extra-padding inherit_tablet inherit_phone\"  data-padding-pos=\"all\" data-has-bg-color=\"false\" data-bg-color=\"\" data-bg-opacity=\"1\" data-animation=\"\" data-delay=\"0\" >\n\t\t<div class=\"vc_column-inner\" >\n\t\t\t<div class=\"wpb_wrapper\">\n\t\t\t\t<div id=\"fws_69e0303b92b5a\" data-midnight=\"\" data-column-margin=\"default\" class=\"wpb_row vc_row-fluid vc_row inner_row  right_padding_24pct left_padding_24pct top_padding_phone_40px right_padding_phone_5pct left_padding_phone_5pct\"  style=\"padding-bottom: 3%; \"><div class=\"row-bg-wrap\"> <div class=\"row-bg\" ><\/div> <\/div><div class=\"row_col_wrap_12_inner col span_12  left\">\n\t<div  class=\"vc_col-sm-12 wpb_column column_container vc_column_container col child_column centered-text no-extra-padding inherit_tablet inherit_phone\"   data-padding-pos=\"all\" data-has-bg-color=\"false\" data-bg-color=\"\" data-bg-opacity=\"1\" data-animation=\"\" data-delay=\"0\" >\n\t\t<div class=\"vc_column-inner\" >\n\t\t<div class=\"wpb_wrapper\">\n\t\t\t\n<div class=\"wpb_text_column wpb_content_element\" >\n\t<div class=\"wpb_wrapper\">\n\t\t<p style=\"text-align: center;\"><span style=\"font-size: 18pt;\"><strong>Im Jahr 2026 ist unser Jahresmotto<br \/>\n<\/strong><\/span><span style=\"font-size: 18pt;\"><strong> &#8222;STRONG CHURCH&#8220;<\/strong><\/span><\/p>\n<p class=\"p1\" style=\"text-align: center;\"><span style=\"font-size: 18pt;\">&#8222;Strong Church&#8220; tr\u00e4gt die Sehnsucht in sich, eine Kirche zu sein, erf\u00fcllt von starken J\u00fcngern, von treuen Dienern und mutigen Botschaftern seiner Liebe.<\/span><\/p>\n<p class=\"p1\" style=\"text-align: center;\"><span style=\"font-size: x-large;\">Genau diese St\u00e4rke w\u00fcnschen wir uns f\u00fcr unsere Church. Dass sie in ihrer Beziehung zu Jesus w\u00e4chst, reift und St\u00e4rke im Glauben erlangt.<br \/>\n<\/span><\/p>\n<p style=\"text-align: center;\"><span style=\"font-size: 18pt;\">Eine St\u00e4rke, die \u00fcberwindet.<br \/>\nEine St\u00e4rke, die mit Leidenschaft dient.<br \/>\nEine St\u00e4rke, die ansteckt und die Liebe Jesu sichtbar in diese Welt tr\u00e4gt.<\/span><\/p>\n<p>&nbsp;<\/p>\n\t<\/div>\n<\/div>\n\n\n\n\n\t\t<\/div> \n\t<\/div>\n\t<\/div> \n<\/div><\/div><div id=\"fws_69e0303b93f5d\" data-midnight=\"\" data-column-margin=\"default\" class=\"wpb_row vc_row-fluid vc_row inner_row  right_padding_24pct left_padding_24pct top_padding_phone_40px right_padding_phone_5pct left_padding_phone_5pct\"  style=\"padding-bottom: 3%; \"><div class=\"row-bg-wrap\"> <div class=\"row-bg\" ><\/div> <\/div><div class=\"row_col_wrap_12_inner col span_12  left\">\n\t<div  class=\"vc_col-sm-12 wpb_column column_container vc_column_container col child_column centered-text no-extra-padding inherit_tablet inherit_phone\"   data-padding-pos=\"all\" data-has-bg-color=\"false\" data-bg-color=\"\" data-bg-opacity=\"1\" data-animation=\"\" data-delay=\"0\" >\n\t\t<div class=\"vc_column-inner\" >\n\t\t<div class=\"wpb_wrapper\">\n\t\t\t<a class=\"nectar-button jumbo regular extra-color-3  regular-button\"  role=\"button\" style=\"margin-right: 4px; margin-left: 4px;color: #ffffff; background-color: #002e00;\" target=\"_blank\" href=\"https:\/\/www.alivechurch.de\/wp-content\/uploads\/2026\/01\/Proklamationen-2026.pdf\" data-color-override=\"#002e00\" data-hover-color-override=\"false\" data-hover-text-color-override=\"#fff\"><span>PROKLAMATIONEN F\u00dcR 2026<\/span><\/a>\n\t\t<\/div> \n\t<\/div>\n\t<\/div> \n<\/div><\/div>\n\t<div class=\"wpb_video_widget wpb_content_element vc_clearfix   vc_custom_1769614161225 vc_video-aspect-ratio-169 vc_video-el-width-60 vc_video-align-center\" >\n\t\t<div class=\"wpb_wrapper\">\n\t\t\t\n\t\t\t<div class=\"wpb_video_wrapper\"><iframe loading=\"lazy\" hcb-fetch-image-from=\"https:\/\/youtu.be\/-UFHWaFDMGE\" title=\"VisionSunday 2026 Trailer\" width=\"500\" height=\"281\" src=\"https:\/\/www.youtube.com\/embed\/-UFHWaFDMGE?feature=oembed\" frameborder=\"0\" allow=\"accelerometer; autoplay; clipboard-write; encrypted-media; gyroscope; picture-in-picture; web-share\" referrerpolicy=\"strict-origin-when-cross-origin\" allowfullscreen><\/iframe><\/div>\n\t\t<\/div>\n\t<\/div>\n\n\t\t\t<\/div> \n\t\t<\/div>\n\t<\/div> \n<\/div><\/div>\n\t\t<div id=\"fws_69e0303b96afc\"  data-column-margin=\"default\" data-midnight=\"dark\" data-top-percent=\"5%\" data-bottom-percent=\"5%\"  class=\"wpb_row vc_row-fluid vc_row\"  style=\"padding-top: calc(100vw * 0.05); padding-bottom: calc(100vw * 0.05); \"><div class=\"row-bg-wrap\" data-bg-animation=\"none\" data-bg-animation-delay=\"\" data-bg-overlay=\"false\"><div class=\"inner-wrap row-bg-layer\" ><div class=\"row-bg viewport-desktop\"  style=\"\"><\/div><\/div><\/div><div class=\"row_col_wrap_12 col span_12 dark left\">\n\t<div  class=\"vc_col-sm-12 wpb_column column_container vc_column_container col no-extra-padding inherit_tablet inherit_phone\"  data-padding-pos=\"all\" data-has-bg-color=\"false\" data-bg-color=\"\" data-bg-opacity=\"1\" data-animation=\"\" data-delay=\"0\" >\n\t\t<div class=\"vc_column-inner\" >\n\t\t\t<div class=\"wpb_wrapper\">\n\t\t\t\t<div id=\"fws_69e0303b978ac\" data-midnight=\"\" data-column-margin=\"default\" class=\"wpb_row vc_row-fluid vc_row inner_row\"  style=\"\"><div class=\"row-bg-wrap\"> <div class=\"row-bg\" ><\/div> <\/div><div class=\"row_col_wrap_12_inner col span_12  left\">\n\t<div  class=\"vc_col-sm-12 wpb_column column_container vc_column_container col child_column no-extra-padding inherit_tablet inherit_phone\"   data-padding-pos=\"all\" data-has-bg-color=\"false\" data-bg-color=\"\" data-bg-opacity=\"1\" data-animation=\"\" data-delay=\"0\" >\n\t\t<div class=\"vc_column-inner\" >\n\t\t<div class=\"wpb_wrapper\">\n\t\t\t\n<div class=\"wpb_text_column wpb_content_element\" >\n\t<div class=\"wpb_wrapper\">\n\t\t<h1 style=\"text-align: center;\">Unsere Schwerpunkte in diesem Jahr:<\/h1>\n\t<\/div>\n<\/div>\n\n\n\n\n\t\t<\/div> \n\t<\/div>\n\t<\/div> \n<\/div><\/div><div id=\"fws_69e0303b986f6\" data-midnight=\"\" data-column-margin=\"default\" class=\"wpb_row vc_row-fluid vc_row inner_row\"  style=\"\"><div class=\"row-bg-wrap\"> <div class=\"row-bg\" ><\/div> <\/div><div class=\"row_col_wrap_12_inner col span_12  left\">\n\t<div  class=\"vc_col-sm-4 wpb_column column_container vc_column_container col child_column padding-2-percent inherit_tablet inherit_phone\"   data-padding-pos=\"all\" data-has-bg-color=\"false\" data-bg-color=\"\" data-bg-opacity=\"1\" data-animation=\"\" data-delay=\"0\" >\n\t\t<div class=\"vc_column-inner\" >\n\t\t<div class=\"wpb_wrapper\">\n\t\t\t<div class=\"img-with-aniamtion-wrap\" data-max-width=\"100%\" data-max-width-mobile=\"default\" data-border-radius=\"20px\" data-shadow=\"none\" data-animation=\"none\" >\n      <div class=\"inner\">\n        <div class=\"hover-wrap\"> \n          <div class=\"hover-wrap-inner\">\n            <img loading=\"lazy\" decoding=\"async\" class=\"img-with-animation skip-lazy\" data-delay=\"0\" height=\"1080\" width=\"1920\" data-animation=\"none\" src=\"https:\/\/www.alivechurch.de\/wp-content\/uploads\/2026\/01\/SC-1-Starke-Juenger.jpg\" alt=\"\" srcset=\"https:\/\/www.alivechurch.de\/wp-content\/uploads\/2026\/01\/SC-1-Starke-Juenger.jpg 1920w, https:\/\/www.alivechurch.de\/wp-content\/uploads\/2026\/01\/SC-1-Starke-Juenger-300x169.jpg 300w, https:\/\/www.alivechurch.de\/wp-content\/uploads\/2026\/01\/SC-1-Starke-Juenger-1024x576.jpg 1024w, https:\/\/www.alivechurch.de\/wp-content\/uploads\/2026\/01\/SC-1-Starke-Juenger-768x432.jpg 768w, https:\/\/www.alivechurch.de\/wp-content\/uploads\/2026\/01\/SC-1-Starke-Juenger-1536x864.jpg 1536w, https:\/\/www.alivechurch.de\/wp-content\/uploads\/2026\/01\/SC-1-Starke-Juenger-18x10.jpg 18w\" sizes=\"auto, (max-width: 1920px) 100vw, 1920px\" \/>\n          <\/div>\n        <\/div>\n      <\/div>\n    <\/div>\n\t\t<\/div> \n\t<\/div>\n\t<\/div> \n\n\t<div  class=\"vc_col-sm-4 wpb_column column_container vc_column_container col child_column padding-2-percent inherit_tablet inherit_phone\"   data-padding-pos=\"all\" data-has-bg-color=\"false\" data-bg-color=\"\" data-bg-opacity=\"1\" data-animation=\"\" data-delay=\"0\" >\n\t\t<div class=\"vc_column-inner\" >\n\t\t<div class=\"wpb_wrapper\">\n\t\t\t<div class=\"img-with-aniamtion-wrap\" data-max-width=\"100%\" data-max-width-mobile=\"default\" data-border-radius=\"20px\" data-shadow=\"none\" data-animation=\"none\" >\n      <div class=\"inner\">\n        <div class=\"hover-wrap\"> \n          <div class=\"hover-wrap-inner\">\n            <img loading=\"lazy\" decoding=\"async\" class=\"img-with-animation skip-lazy\" data-delay=\"0\" height=\"1080\" width=\"1920\" data-animation=\"none\" src=\"https:\/\/www.alivechurch.de\/wp-content\/uploads\/2026\/01\/SC-2-Starke-Diener.jpg\" alt=\"\" srcset=\"https:\/\/www.alivechurch.de\/wp-content\/uploads\/2026\/01\/SC-2-Starke-Diener.jpg 1920w, https:\/\/www.alivechurch.de\/wp-content\/uploads\/2026\/01\/SC-2-Starke-Diener-300x169.jpg 300w, https:\/\/www.alivechurch.de\/wp-content\/uploads\/2026\/01\/SC-2-Starke-Diener-1024x576.jpg 1024w, https:\/\/www.alivechurch.de\/wp-content\/uploads\/2026\/01\/SC-2-Starke-Diener-768x432.jpg 768w, https:\/\/www.alivechurch.de\/wp-content\/uploads\/2026\/01\/SC-2-Starke-Diener-1536x864.jpg 1536w, https:\/\/www.alivechurch.de\/wp-content\/uploads\/2026\/01\/SC-2-Starke-Diener-18x10.jpg 18w\" sizes=\"auto, (max-width: 1920px) 100vw, 1920px\" \/>\n          <\/div>\n        <\/div>\n      <\/div>\n    <\/div>\n\t\t<\/div> \n\t<\/div>\n\t<\/div> \n\n\t<div  class=\"vc_col-sm-4 wpb_column column_container vc_column_container col child_column padding-2-percent inherit_tablet inherit_phone\"   data-padding-pos=\"all\" data-has-bg-color=\"false\" data-bg-color=\"\" data-bg-opacity=\"1\" data-animation=\"\" data-delay=\"0\" >\n\t\t<div class=\"vc_column-inner\" >\n\t\t<div class=\"wpb_wrapper\">\n\t\t\t<div class=\"img-with-aniamtion-wrap\" data-max-width=\"100%\" data-max-width-mobile=\"default\" data-border-radius=\"20px\" data-shadow=\"none\" data-animation=\"none\" >\n      <div class=\"inner\">\n        <div class=\"hover-wrap\"> \n          <div class=\"hover-wrap-inner\">\n            <img loading=\"lazy\" decoding=\"async\" class=\"img-with-animation skip-lazy\" data-delay=\"0\" height=\"1080\" width=\"1920\" data-animation=\"none\" src=\"https:\/\/www.alivechurch.de\/wp-content\/uploads\/2026\/01\/SC-3-Starke-Botschafter.jpg\" alt=\"\" srcset=\"https:\/\/www.alivechurch.de\/wp-content\/uploads\/2026\/01\/SC-3-Starke-Botschafter.jpg 1920w, https:\/\/www.alivechurch.de\/wp-content\/uploads\/2026\/01\/SC-3-Starke-Botschafter-300x169.jpg 300w, https:\/\/www.alivechurch.de\/wp-content\/uploads\/2026\/01\/SC-3-Starke-Botschafter-1024x576.jpg 1024w, https:\/\/www.alivechurch.de\/wp-content\/uploads\/2026\/01\/SC-3-Starke-Botschafter-768x432.jpg 768w, https:\/\/www.alivechurch.de\/wp-content\/uploads\/2026\/01\/SC-3-Starke-Botschafter-1536x864.jpg 1536w, https:\/\/www.alivechurch.de\/wp-content\/uploads\/2026\/01\/SC-3-Starke-Botschafter-18x10.jpg 18w\" sizes=\"auto, (max-width: 1920px) 100vw, 1920px\" \/>\n          <\/div>\n        <\/div>\n      <\/div>\n    <\/div>\n\t\t<\/div> \n\t<\/div>\n\t<\/div> \n<\/div><\/div>\n\t\t\t<\/div> \n\t\t<\/div>\n\t<\/div> \n<\/div><\/div>\n\t\t<div id=\"fws_69e0303b9cd7d\"  data-column-margin=\"default\" data-midnight=\"dark\" data-top-percent=\"5%\" data-bottom-percent=\"5%\"  class=\"wpb_row vc_row-fluid vc_row full-width-section\"  style=\"padding-top: calc(100vw * 0.05); padding-bottom: calc(100vw * 0.05); \"><div class=\"row-bg-wrap\" data-bg-animation=\"none\" data-bg-animation-delay=\"\" data-bg-overlay=\"false\"><div class=\"inner-wrap row-bg-layer\" ><div class=\"row-bg viewport-desktop using-bg-color\"  style=\"background-color: #ffffff; \"><\/div><\/div><\/div><div class=\"row_col_wrap_12 col span_12 dark left\">\n\t<div  class=\"vc_col-sm-1 wpb_column column_container vc_column_container col no-extra-padding inherit_tablet inherit_phone\"  data-padding-pos=\"all\" data-has-bg-color=\"false\" data-bg-color=\"\" data-bg-opacity=\"1\" data-animation=\"\" data-delay=\"0\" >\n\t\t<div class=\"vc_column-inner\" >\n\t\t\t<div class=\"wpb_wrapper\">\n\t\t\t\t\n\t\t\t<\/div> \n\t\t<\/div>\n\t<\/div> \n\n\t<div  class=\"vc_col-sm-10 wpb_column column_container vc_column_container col centered-text padding-5-percent inherit_tablet inherit_phone\"  data-padding-pos=\"all\" data-has-bg-color=\"false\" data-bg-color=\"\" data-bg-opacity=\"1\" data-animation=\"\" data-delay=\"0\" >\n\t\t<div class=\"vc_column-inner\" >\n\t\t\t<div class=\"wpb_wrapper\">\n\t\t\t\t\n<div class=\"wpb_text_column wpb_content_element  vc_custom_1737543078953\" >\n\t<div class=\"wpb_wrapper\">\n\t\t<h2>Watch the Vision Sunday service:<\/h2>\n\t<\/div>\n<\/div>\n\n\n\n\n\t<div class=\"wpb_video_widget wpb_content_element vc_clearfix   vc_video-aspect-ratio-169 vc_video-el-width-100 vc_video-align-center\" >\n\t\t<div class=\"wpb_wrapper\">\n\t\t\t\n\t\t\t<div class=\"wpb_video_wrapper\"><iframe loading=\"lazy\" hcb-fetch-image-from=\"https:\/\/www.youtube.com\/live\/ECDcF1f8cV0?si=1w-qa-G-HjUIHhrc\" title=\"25.01. | VISION SUNDAY 2026 - STRONG CHURCH | Alive Church\" width=\"500\" height=\"281\" src=\"https:\/\/www.youtube.com\/embed\/ECDcF1f8cV0?feature=oembed\" frameborder=\"0\" allow=\"accelerometer; autoplay; clipboard-write; encrypted-media; gyroscope; picture-in-picture; web-share\" referrerpolicy=\"strict-origin-when-cross-origin\" allowfullscreen><\/iframe><\/div>\n\t\t<\/div>\n\t<\/div>\n\n\t\t\t<\/div> \n\t\t<\/div>\n\t<\/div> \n\n\t<div  class=\"vc_col-sm-1 wpb_column column_container vc_column_container col no-extra-padding inherit_tablet inherit_phone\"  data-padding-pos=\"all\" data-has-bg-color=\"false\" data-bg-color=\"\" data-bg-opacity=\"1\" data-animation=\"\" data-delay=\"0\" >\n\t\t<div class=\"vc_column-inner\" >\n\t\t\t<div class=\"wpb_wrapper\">\n\t\t\t\t\n\t\t\t<\/div> \n\t\t<\/div>\n\t<\/div> \n<\/div><\/div>\n\t\t<div id=\"fws_69e0303b9fa5d\"  data-column-margin=\"default\" data-midnight=\"dark\"  class=\"wpb_row vc_row-fluid vc_row full-width-content vc_row-o-equal-height vc_row-flex vc_row-o-content-top\"  style=\"padding-top: 0px; padding-bottom: 0px; \"><div class=\"row-bg-wrap\" data-bg-animation=\"none\" data-bg-animation-delay=\"\" data-bg-overlay=\"false\"><div class=\"inner-wrap row-bg-layer\" ><div class=\"row-bg viewport-desktop\"  style=\"\"><\/div><\/div><\/div><div class=\"row_col_wrap_12 col span_12 dark left\">\n\t<div  class=\"vc_col-sm-12 wpb_column column_container vc_column_container col no-extra-padding inherit_tablet inherit_phone\"  data-padding-pos=\"all\" data-has-bg-color=\"false\" data-bg-color=\"\" data-bg-opacity=\"1\" data-animation=\"\" data-delay=\"0\" >\n\t\t<div class=\"vc_column-inner\" >\n\t\t\t<div class=\"wpb_wrapper\">\n\t\t\t\t<div class=\"img-with-aniamtion-wrap\" data-max-width=\"100%\" data-max-width-mobile=\"default\" data-shadow=\"none\" data-animation=\"none\" >\n      <div class=\"inner\">\n        <div class=\"hover-wrap\"> \n          <div class=\"hover-wrap-inner\">\n            <img loading=\"lazy\" decoding=\"async\" class=\"img-with-animation skip-lazy\" data-delay=\"0\" height=\"1080\" width=\"1920\" data-animation=\"none\" src=\"https:\/\/www.alivechurch.de\/wp-content\/uploads\/2026\/01\/SC-Leitvers-Eph-610.jpg\" alt=\"\" srcset=\"https:\/\/www.alivechurch.de\/wp-content\/uploads\/2026\/01\/SC-Leitvers-Eph-610.jpg 1920w, https:\/\/www.alivechurch.de\/wp-content\/uploads\/2026\/01\/SC-Leitvers-Eph-610-300x169.jpg 300w, https:\/\/www.alivechurch.de\/wp-content\/uploads\/2026\/01\/SC-Leitvers-Eph-610-1024x576.jpg 1024w, https:\/\/www.alivechurch.de\/wp-content\/uploads\/2026\/01\/SC-Leitvers-Eph-610-768x432.jpg 768w, https:\/\/www.alivechurch.de\/wp-content\/uploads\/2026\/01\/SC-Leitvers-Eph-610-1536x864.jpg 1536w, https:\/\/www.alivechurch.de\/wp-content\/uploads\/2026\/01\/SC-Leitvers-Eph-610-18x10.jpg 18w\" sizes=\"auto, (max-width: 1920px) 100vw, 1920px\" \/>\n          <\/div>\n        <\/div>\n      <\/div>\n    <\/div>\n\t\t\t<\/div> \n\t\t<\/div>\n\t<\/div> \n<\/div><\/div>","protected":false},"excerpt":{"rendered":"Im Jahr 2026 ist unser Jahresmotto \"STRONG CHURCH\" \"Strong Church\" tr\u00e4gt die Sehnsucht in sich, eine Kirche zu sein, erf\u00fcllt von starken J\u00fcngern, von treuen...","protected":false},"author":10,"featured_media":0,"parent":0,"menu_order":0,"comment_status":"closed","ping_status":"closed","template":"","meta":{"footnotes":""},"class_list":["post-28844","page","type-page","status-publish"],"yoast_head":"<!-- This site is optimized with the Yoast SEO plugin v27.4 - https:\/\/yoast.com\/product\/yoast-seo-wordpress\/ -->\n<title>Jahresmotto 2026 - Alive Church<\/title>\n<meta name=\"robots\" content=\"index, follow, max-snippet:-1, max-image-preview:large, max-video-preview:-1\" \/>\n<link rel=\"canonical\" href=\"https:\/\/www.alivechurch.de\/en\/jahresmotto-2026\/\" \/>\n<meta property=\"og:locale\" content=\"en_GB\" \/>\n<meta property=\"og:type\" content=\"article\" \/>\n<meta property=\"og:title\" content=\"Jahresmotto 2026 - Alive Church\" \/>\n<meta property=\"og:url\" content=\"https:\/\/www.alivechurch.de\/en\/jahresmotto-2026\/\" \/>\n<meta property=\"og:site_name\" content=\"Alive Church\" \/>\n<meta property=\"article:modified_time\" content=\"2026-01-28T16:08:35+00:00\" \/>\n<meta name=\"twitter:card\" content=\"summary_large_image\" \/>\n<meta name=\"twitter:label1\" content=\"Estimated reading time\" \/>\n\t<meta name=\"twitter:data1\" content=\"4 minutes\" \/>\n<script type=\"application\/ld+json\" class=\"yoast-schema-graph\">{\"@context\":\"https:\\\/\\\/schema.org\",\"@graph\":[{\"@type\":\"WebPage\",\"@id\":\"https:\\\/\\\/www.alivechurch.de\\\/jahresmotto-2026\\\/\",\"url\":\"https:\\\/\\\/www.alivechurch.de\\\/jahresmotto-2026\\\/\",\"name\":\"Jahresmotto 2026 - Alive Church\",\"isPartOf\":{\"@id\":\"https:\\\/\\\/www.alivechurch.de\\\/#website\"},\"datePublished\":\"2024-01-24T13:38:41+00:00\",\"dateModified\":\"2026-01-28T16:08:35+00:00\",\"breadcrumb\":{\"@id\":\"https:\\\/\\\/www.alivechurch.de\\\/jahresmotto-2026\\\/#breadcrumb\"},\"inLanguage\":\"en-GB\",\"potentialAction\":[{\"@type\":\"ReadAction\",\"target\":[\"https:\\\/\\\/www.alivechurch.de\\\/jahresmotto-2026\\\/\"]}]},{\"@type\":\"BreadcrumbList\",\"@id\":\"https:\\\/\\\/www.alivechurch.de\\\/jahresmotto-2026\\\/#breadcrumb\",\"itemListElement\":[{\"@type\":\"ListItem\",\"position\":1,\"name\":\"Startseite\",\"item\":\"https:\\\/\\\/www.alivechurch.de\\\/\"},{\"@type\":\"ListItem\",\"position\":2,\"name\":\"Jahresmotto 2026\"}]},{\"@type\":\"WebSite\",\"@id\":\"https:\\\/\\\/www.alivechurch.de\\\/#website\",\"url\":\"https:\\\/\\\/www.alivechurch.de\\\/\",\"name\":\"Alive Church\",\"description\":\"Welcome Home\",\"publisher\":{\"@id\":\"https:\\\/\\\/www.alivechurch.de\\\/#organization\"},\"potentialAction\":[{\"@type\":\"SearchAction\",\"target\":{\"@type\":\"EntryPoint\",\"urlTemplate\":\"https:\\\/\\\/www.alivechurch.de\\\/?s={search_term_string}\"},\"query-input\":{\"@type\":\"PropertyValueSpecification\",\"valueRequired\":true,\"valueName\":\"search_term_string\"}}],\"inLanguage\":\"en-GB\"},{\"@type\":\"Organization\",\"@id\":\"https:\\\/\\\/www.alivechurch.de\\\/#organization\",\"name\":\"Alive Church\",\"url\":\"https:\\\/\\\/www.alivechurch.de\\\/\",\"logo\":{\"@type\":\"ImageObject\",\"inLanguage\":\"en-GB\",\"@id\":\"https:\\\/\\\/www.alivechurch.de\\\/#\\\/schema\\\/logo\\\/image\\\/\",\"url\":\"https:\\\/\\\/www.alivechurch.de\\\/wp-content\\\/uploads\\\/2020\\\/04\\\/Logo.png\",\"contentUrl\":\"https:\\\/\\\/www.alivechurch.de\\\/wp-content\\\/uploads\\\/2020\\\/04\\\/Logo.png\",\"width\":1115,\"height\":1100,\"caption\":\"Alive Church\"},\"image\":{\"@id\":\"https:\\\/\\\/www.alivechurch.de\\\/#\\\/schema\\\/logo\\\/image\\\/\"},\"sameAs\":[\"https:\\\/\\\/www.instagram.com\\\/alivechurchde\\\/\"]}]}<\/script>\n<!-- \/ Yoast SEO plugin. -->","yoast_head_json":{"title":"Jahresmotto 2026 - Alive Church","robots":{"index":"index","follow":"follow","max-snippet":"max-snippet:-1","max-image-preview":"max-image-preview:large","max-video-preview":"max-video-preview:-1"},"canonical":"https:\/\/www.alivechurch.de\/en\/jahresmotto-2026\/","og_locale":"en_GB","og_type":"article","og_title":"Jahresmotto 2026 - Alive Church","og_url":"https:\/\/www.alivechurch.de\/en\/jahresmotto-2026\/","og_site_name":"Alive Church","article_modified_time":"2026-01-28T16:08:35+00:00","twitter_card":"summary_large_image","twitter_misc":{"Estimated reading time":"4 minutes"},"schema":{"@context":"https:\/\/schema.org","@graph":[{"@type":"WebPage","@id":"https:\/\/www.alivechurch.de\/jahresmotto-2026\/","url":"https:\/\/www.alivechurch.de\/jahresmotto-2026\/","name":"Jahresmotto 2026 - Alive Church","isPartOf":{"@id":"https:\/\/www.alivechurch.de\/#website"},"datePublished":"2024-01-24T13:38:41+00:00","dateModified":"2026-01-28T16:08:35+00:00","breadcrumb":{"@id":"https:\/\/www.alivechurch.de\/jahresmotto-2026\/#breadcrumb"},"inLanguage":"en-GB","potentialAction":[{"@type":"ReadAction","target":["https:\/\/www.alivechurch.de\/jahresmotto-2026\/"]}]},{"@type":"BreadcrumbList","@id":"https:\/\/www.alivechurch.de\/jahresmotto-2026\/#breadcrumb","itemListElement":[{"@type":"ListItem","position":1,"name":"Startseite","item":"https:\/\/www.alivechurch.de\/"},{"@type":"ListItem","position":2,"name":"Jahresmotto 2026"}]},{"@type":"WebSite","@id":"https:\/\/www.alivechurch.de\/#website","url":"https:\/\/www.alivechurch.de\/","name":"Alive Church","description":"Welcome Home","publisher":{"@id":"https:\/\/www.alivechurch.de\/#organization"},"potentialAction":[{"@type":"SearchAction","target":{"@type":"EntryPoint","urlTemplate":"https:\/\/www.alivechurch.de\/?s={search_term_string}"},"query-input":{"@type":"PropertyValueSpecification","valueRequired":true,"valueName":"search_term_string"}}],"inLanguage":"en-GB"},{"@type":"Organization","@id":"https:\/\/www.alivechurch.de\/#organization","name":"Alive Church","url":"https:\/\/www.alivechurch.de\/","logo":{"@type":"ImageObject","inLanguage":"en-GB","@id":"https:\/\/www.alivechurch.de\/#\/schema\/logo\/image\/","url":"https:\/\/www.alivechurch.de\/wp-content\/uploads\/2020\/04\/Logo.png","contentUrl":"https:\/\/www.alivechurch.de\/wp-content\/uploads\/2020\/04\/Logo.png","width":1115,"height":1100,"caption":"Alive Church"},"image":{"@id":"https:\/\/www.alivechurch.de\/#\/schema\/logo\/image\/"},"sameAs":["https:\/\/www.instagram.com\/alivechurchde\/"]}]}},"_links":{"self":[{"href":"https:\/\/www.alivechurch.de\/en\/wp-json\/wp\/v2\/pages\/28844","targetHints":{"allow":["GET"]}}],"collection":[{"href":"https:\/\/www.alivechurch.de\/en\/wp-json\/wp\/v2\/pages"}],"about":[{"href":"https:\/\/www.alivechurch.de\/en\/wp-json\/wp\/v2\/types\/page"}],"author":[{"embeddable":true,"href":"https:\/\/www.alivechurch.de\/en\/wp-json\/wp\/v2\/users\/10"}],"replies":[{"embeddable":true,"href":"https:\/\/www.alivechurch.de\/en\/wp-json\/wp\/v2\/comments?post=28844"}],"version-history":[{"count":48,"href":"https:\/\/www.alivechurch.de\/en\/wp-json\/wp\/v2\/pages\/28844\/revisions"}],"predecessor-version":[{"id":30501,"href":"https:\/\/www.alivechurch.de\/en\/wp-json\/wp\/v2\/pages\/28844\/revisions\/30501"}],"wp:attachment":[{"href":"https:\/\/www.alivechurch.de\/en\/wp-json\/wp\/v2\/media?parent=28844"}],"curies":[{"name":"wp","href":"https:\/\/api.w.org\/{rel}","templated":true}]}}