{"id":23874,"date":"2023-03-06T15:00:56","date_gmt":"2023-03-06T14:00:56","guid":{"rendered":"https:\/\/www.alivechurch.de\/?page_id=23874"},"modified":"2025-02-18T17:40:57","modified_gmt":"2025-02-18T16:40:57","slug":"seelsorge","status":"publish","type":"page","link":"https:\/\/www.alivechurch.de\/en\/seelsorge\/","title":{"rendered":"Pastoral care"},"content":{"rendered":"\n\t\t<div id=\"fws_69f71ca88b01a\"  data-column-margin=\"default\" data-midnight=\"light\" data-top-percent=\"15%\" data-bottom-percent=\"13%\"  class=\"wpb_row vc_row-fluid vc_row full-width-section vc_row-o-equal-height vc_row-flex vc_row-o-content-bottom parallax_section\"  style=\"padding-top: calc(100vw * 0.15); padding-bottom: calc(100vw * 0.13); \"><div class=\"row-bg-wrap\" data-bg-animation=\"fade-in\" data-bg-animation-delay=\"\" data-bg-overlay=\"true\"><div class=\"inner-wrap row-bg-layer using-image\" style=\"background-color: #d1d1ca;\" ><div class=\"row-bg viewport-desktop using-image using-bg-color\" data-parallax-speed=\"fast\" style=\"background-image: url(https:\/\/www.alivechurch.de\/wp-content\/uploads\/2023\/03\/Seelsorge.jpg); background-position: center center; background-repeat: no-repeat; background-color: #d1d1ca; \"><\/div><\/div><div class=\"row-bg-overlay row-bg-layer\" style=\"background-color:#0a0a0a;  opacity: 0.5; \"><\/div><\/div><div class=\"row_col_wrap_12 col span_12 light left\">\n\t<div  class=\"vc_col-sm-6 wpb_column column_container vc_column_container col no-extra-padding inherit_tablet inherit_phone \"  data-padding-pos=\"all\" data-has-bg-color=\"false\" data-bg-color=\"\" data-bg-opacity=\"1\" data-animation=\"\" data-delay=\"0\" >\n\t\t<div class=\"vc_column-inner\" >\n\t\t\t<div class=\"wpb_wrapper\">\n\t\t\t\t<div id=\"fws_69f71ca88c375\" data-midnight=\"\" data-column-margin=\"default\" class=\"wpb_row vc_row-fluid vc_row inner_row\"  style=\"\"><div class=\"row-bg-wrap\"> <div class=\"row-bg\" ><\/div> <\/div><div class=\"row_col_wrap_12_inner col span_12  left\">\n\t<div  class=\"vc_col-sm-12 wpb_column column_container vc_column_container col child_column no-extra-padding inherit_tablet inherit_phone \"   data-padding-pos=\"all\" data-has-bg-color=\"false\" data-bg-color=\"\" data-bg-opacity=\"1\" data-animation=\"\" data-delay=\"0\" >\n\t\t<div class=\"vc_column-inner\" >\n\t\t<div class=\"wpb_wrapper\">\n\t\t\t<h1 style=\"text-align: left\" class=\"vc_custom_heading vc_do_custom_heading\" >Gespr\u00e4changebote\/Seelsorge<\/h1>\n<div class=\"wpb_text_column wpb_content_element \" >\n\t<div class=\"wpb_wrapper\">\n\t\t<p><strong>Ein Ort des Zuh\u00f6rens \u2013 F\u00fcr Dich und Deine Fragen<\/strong><\/p>\n<p>Manchmal geraten wir im Leben an einen Punkt, an dem wir jemanden zum Reden brauchen &#8211; sei es eine besondere Herausforderung, ein innerer Knoten, der sich nicht l\u00f6sen l\u00e4sst oder um die Gedanken neu zu sortieren\u2013 genau daf\u00fcr sind wir da.<\/p>\n<p>Du brauchst mit deinen Fragen und Sorgen nicht alleine bleiben. Bei uns findest du ein offenes Ohr, Verst\u00e4ndnis und die M\u00f6glichkeit, Gottes Blick auf dich und deine Situation zu entdecken. Wir glauben, dass du daraus Ideen, Mut und Kraft f\u00fcr deinen n\u00e4chsten Schritt sch\u00f6pfen kannst.<\/p>\n<p>Oft gen\u00fcgt schon ein vertrauliches Gespr\u00e4ch von au\u00dfen um weiterzukommen. Wenn du mehr Unterst\u00fctzung brauchst, stehen wir dir gerne f\u00fcr weitere, kostenlose Gespr\u00e4che zur Seite.<\/p>\n\t<\/div>\n<\/div>\n\n\n\n\n\t\t<\/div> \n\t<\/div>\n\t<\/div> \n<\/div><\/div><div id=\"fws_69f71ca88df59\" data-midnight=\"\" data-column-margin=\"default\" class=\"wpb_row vc_row-fluid vc_row inner_row\"  style=\"\"><div class=\"row-bg-wrap\"> <div class=\"row-bg\" ><\/div> <\/div><div class=\"row_col_wrap_12_inner col span_12  left\">\n\t<div  class=\"vc_col-sm-12 wpb_column column_container vc_column_container col child_column has-animation no-extra-padding inherit_tablet inherit_phone \"   data-padding-pos=\"all\" data-has-bg-color=\"false\" data-bg-color=\"\" data-bg-opacity=\"1\" data-animation=\"fade-in\" data-delay=\"800\" >\n\t\t<div class=\"vc_column-inner\" >\n\t\t<div class=\"wpb_wrapper\">\n\t\t\t<div class=\"nectar-cta  alignment_tablet_default alignment_phone_default display_tablet_inherit display_phone_inherit \" data-color=\"accent-color\" data-using-bg=\"true\" data-style=\"arrow-animation\" data-display=\"block\" data-alignment=\"left\" data-text-color=\"custom\" style=\"margin-top: 30px; \"><h5 style=\"color: #ffffff;\"><span class=\"link_wrap\" style=\"padding-top: 20px; padding-right: 40px; padding-bottom: 20px; padding-left: 40px;\"><a  class=\"link_text\" role=\"button\" href=\"#deinanliegen\"><span class=\"text\">Wir sind f\u00fcr dich da<\/span><svg class=\"next-arrow\" aria-hidden=\"true\" width=\"20px\" height=\"25px\" viewBox=\"0 0 50 80\" xml:space=\"preserve\">\n  <polyline stroke=\"#ffffff\" stroke-width=\"9\" fill=\"none\" stroke-linecap=\"round\" stroke-linejoin=\"round\" points=\"0, 0 45, 40 0, 80\"\/>\n  <\/svg>  <span aria-hidden=\"true\" class=\"line\"  style=\"background-color: #ffffff;\"><\/span> <\/a><\/span><\/h5><\/div>\n\t\t<\/div> \n\t<\/div>\n\t<\/div> \n<\/div><\/div>\n\t\t\t<\/div> \n\t\t<\/div>\n\t<\/div> \n\n\t<div  class=\"vc_col-sm-6 wpb_column column_container vc_column_container col no-extra-padding inherit_tablet inherit_phone \"  data-padding-pos=\"all\" data-has-bg-color=\"false\" data-bg-color=\"\" data-bg-opacity=\"1\" data-animation=\"\" data-delay=\"0\" >\n\t\t<div class=\"vc_column-inner\" >\n\t\t\t<div class=\"wpb_wrapper\">\n\t\t\t\t\n\t\t\t<\/div> \n\t\t<\/div>\n\t<\/div> \n<\/div><\/div>\n\t\t<div id=\"deinanliegen\"  data-column-margin=\"default\" data-midnight=\"dark\" data-top-percent=\"6%\" data-bottom-percent=\"6%\"  class=\"wpb_row vc_row-fluid vc_row\"  style=\"padding-top: calc(100vw * 0.06); padding-bottom: calc(100vw * 0.06); \"><div class=\"row-bg-wrap\" data-bg-animation=\"none\" data-bg-animation-delay=\"\" data-bg-overlay=\"false\"><div class=\"inner-wrap row-bg-layer\" ><div class=\"row-bg viewport-desktop\"  style=\"\"><\/div><\/div><\/div><div class=\"row_col_wrap_12 col span_12 dark left\">\n\t<div  class=\"vc_col-sm-12 wpb_column column_container vc_column_container col no-extra-padding inherit_tablet inherit_phone \"  data-padding-pos=\"all\" data-has-bg-color=\"false\" data-bg-color=\"\" data-bg-opacity=\"1\" data-animation=\"\" data-delay=\"0\" >\n\t\t<div class=\"vc_column-inner\" >\n\t\t\t<div class=\"wpb_wrapper\">\n\t\t\t\t\n<div class=\"wpb_text_column wpb_content_element \" >\n\t<div class=\"wpb_wrapper\">\n\t\t<h1>Dein Anliegen<\/h1>\n\t<\/div>\n<\/div>\n\n\n\n<div class=\"wpforms-container wpforms-container-full\" id=\"wpforms-23879\"><form id=\"wpforms-form-23879\" class=\"wpforms-validate wpforms-form wpforms-ajax-form\" data-formid=\"23879\" method=\"post\" enctype=\"multipart\/form-data\" action=\"\/en\/wp-json\/wp\/v2\/pages\/23874\" data-token=\"0a7d26cf84115b2a52c9d5299cd87141\" data-token-time=\"1777802408\"><noscript class=\"wpforms-error-noscript\">Please enable JavaScript in your browser to complete this form.<\/noscript><div class=\"wpforms-field-container\"><div id=\"wpforms-23879-field_12-container\" class=\"wpforms-field wpforms-field-radio wpforms-list-inline\" data-field-id=\"12\"><label class=\"wpforms-field-label wpforms-label-hide\">Multiple Choice <span class=\"wpforms-required-label\">*<\/span><\/label><ul id=\"wpforms-23879-field_12\" class=\"wpforms-field-required\"><li class=\"choice-1 depth-1\"><input type=\"radio\" id=\"wpforms-23879-field_12_1\" name=\"wpforms[fields][12]\" value=\"Herr\" required ><label class=\"wpforms-field-label-inline\" for=\"wpforms-23879-field_12_1\">Herr<\/label><\/li><li class=\"choice-2 depth-1\"><input type=\"radio\" id=\"wpforms-23879-field_12_2\" name=\"wpforms[fields][12]\" value=\"Frau\" required ><label class=\"wpforms-field-label-inline\" for=\"wpforms-23879-field_12_2\">Frau<\/label><\/li><\/ul><\/div><div id=\"wpforms-23879-field_1-container\" class=\"wpforms-field wpforms-field-name\" data-field-id=\"1\"><label class=\"wpforms-field-label\">Name <span class=\"wpforms-required-label\">*<\/span><\/label><div class=\"wpforms-field-row wpforms-field-medium\"><div class=\"wpforms-field-row-block wpforms-first wpforms-one-half\"><input type=\"text\" id=\"wpforms-23879-field_1\" class=\"wpforms-field-name-first wpforms-field-required\" name=\"wpforms[fields][1][first]\" required><label for=\"wpforms-23879-field_1\" class=\"wpforms-field-sublabel after\">First<\/label><\/div><div class=\"wpforms-field-row-block wpforms-one-half\"><input type=\"text\" id=\"wpforms-23879-field_1-last\" class=\"wpforms-field-name-last wpforms-field-required\" name=\"wpforms[fields][1][last]\" required><label for=\"wpforms-23879-field_1-last\" class=\"wpforms-field-sublabel after\">Last<\/label><\/div><\/div><\/div><div id=\"wpforms-23879-field_14-container\" class=\"wpforms-field wpforms-field-layout\" data-field-id=\"14\"><div class=\"wpforms-field-layout-columns wpforms-field-layout-preset-50-50\"><div class=\"wpforms-layout-column wpforms-layout-column-50\" ><div id=\"wpforms-23879-field_4-container\" class=\"wpforms-field wpforms-field-text\" data-field-id=\"4\"><label class=\"wpforms-field-label\" for=\"wpforms-23879-field_4\">Nationalit\u00e4t <span class=\"wpforms-required-label\">*<\/span><\/label><input type=\"text\" id=\"wpforms-23879-field_4\" class=\"wpforms-field-small wpforms-field-required\" name=\"wpforms[fields][4]\" required><\/div><div id=\"wpforms-23879-field_5-container\" class=\"wpforms-field wpforms-field-email\" data-field-id=\"5\"><label class=\"wpforms-field-label\" for=\"wpforms-23879-field_5\">E-Mail <span class=\"wpforms-required-label\">*<\/span><\/label><input type=\"email\" id=\"wpforms-23879-field_5\" class=\"wpforms-field-small wpforms-field-required\" name=\"wpforms[fields][5]\" spellcheck=\"false\" required><\/div><\/div><div class=\"wpforms-layout-column wpforms-layout-column-50\" ><div id=\"wpforms-23879-field_13-container\" class=\"wpforms-field wpforms-field-text\" data-field-id=\"13\"><label class=\"wpforms-field-label\" for=\"wpforms-23879-field_13\">Alter <span class=\"wpforms-required-label\">*<\/span><\/label><input type=\"text\" id=\"wpforms-23879-field_13\" class=\"wpforms-field-small wpforms-field-required\" name=\"wpforms[fields][13]\" required><\/div><div id=\"wpforms-23879-field_6-container\" class=\"wpforms-field wpforms-field-phone\" data-field-id=\"6\"><label class=\"wpforms-field-label\" for=\"wpforms-23879-field_6\">Telefon <span class=\"wpforms-required-label\">*<\/span><\/label><input type=\"tel\" id=\"wpforms-23879-field_6\" class=\"wpforms-field-small wpforms-field-required wpforms-smart-phone-field\" data-rule-smart-phone-field=\"true\" name=\"wpforms[fields][6]\" aria-label=\"Telefon\" required><\/div><\/div><\/div><\/div><div id=\"wpforms-23879-field_9-container\" class=\"wpforms-field wpforms-field-textarea\" data-field-id=\"9\"><label class=\"wpforms-field-label\" for=\"wpforms-23879-field_9\">Deine Nachricht <span class=\"wpforms-required-label\">*<\/span><\/label><textarea id=\"wpforms-23879-field_9\" class=\"wpforms-field-medium wpforms-field-required\" name=\"wpforms[fields][9]\" required><\/textarea><\/div><div id=\"wpforms-23879-field_11-container\" class=\"wpforms-field wpforms-field-checkbox\" data-field-id=\"11\"><label class=\"wpforms-field-label\">DSGVO <span class=\"wpforms-required-label\">*<\/span><\/label><ul id=\"wpforms-23879-field_11\" class=\"wpforms-field-required\"><li class=\"choice-1 depth-1\"><input type=\"checkbox\" id=\"wpforms-23879-field_11_1\" name=\"wpforms[fields][11][]\" value=\"Ich willige ein, dass:\" required ><label class=\"wpforms-field-label-inline\" for=\"wpforms-23879-field_11_1\">Ich willige ein, dass:<\/label><\/li><\/ul><div class=\"wpforms-field-description\">meine Daten zum Zweck der Gemeindearbeit gem\u00e4\u00df der gesetzlichen Bestimmungen zum Datenschutz gespeichert und verarbeitet werden. Der weiteren Verarbeitung kannst du jederzeit widersprechen, sowie Berichtigung, L\u00f6schung und Auskunft \u00fcber deine Daten verlangen, soweit dies gesetzlich zul\u00e4ssig ist. Weitere Informationen (inkl. Datenschutzerkl\u00e4rung) unter datenschutz@alivechurch.de<\/div><\/div><\/div><!-- .wpforms-field-container --><div class=\"wpforms-recaptcha-container wpforms-is-recaptcha wpforms-is-recaptcha-type-v2\" ><div class=\"g-recaptcha\" data-sitekey=\"6LdICUMgAAAAAERAiojfHmF9qqS0K4zusbOm9uCC\"><\/div><input type=\"text\" name=\"g-recaptcha-hidden\" class=\"wpforms-recaptcha-hidden\" style=\"position:absolute!important;clip:rect(0,0,0,0)!important;height:1px!important;width:1px!important;border:0!important;overflow:hidden!important;padding:0!important;margin:0!important;\" data-rule-recaptcha=\"1\"><\/div><div class=\"wpforms-submit-container\" ><input type=\"hidden\" name=\"wpforms[id]\" value=\"23879\"><input type=\"hidden\" name=\"page_title\" value=\"\"><input type=\"hidden\" name=\"page_url\" value=\"https:\/\/www.alivechurch.de\/en\/wp-json\/wp\/v2\/pages\/23874\"><input type=\"hidden\" name=\"url_referer\" value=\"\"><button type=\"submit\" name=\"wpforms[submit]\" id=\"wpforms-submit-23879\" class=\"wpforms-submit\" data-alt-text=\"Senden\u2026\" data-submit-text=\"Absenden\" aria-live=\"assertive\" value=\"wpforms-submit\">Absenden<\/button><img loading=\"lazy\" decoding=\"async\" src=\"https:\/\/www.alivechurch.de\/wp-content\/plugins\/wpforms\/assets\/images\/submit-spin.svg\" class=\"wpforms-submit-spinner\" style=\"display: none;\" width=\"26\" height=\"26\" alt=\"Loading\"><\/div><\/form><\/div>  <!-- .wpforms-container -->\n\t\t\t<\/div> \n\t\t<\/div>\n\t<\/div> \n<\/div><\/div>\n","protected":false},"excerpt":{"rendered":"Gespr\u00e4changebote\/Seelsorge Ein Ort des Zuh\u00f6rens \u2013 F\u00fcr Dich und Deine Fragen Manchmal geraten wir im Leben an einen Punkt, an dem wir jemanden zum Reden...","protected":false},"author":10,"featured_media":0,"parent":0,"menu_order":0,"comment_status":"closed","ping_status":"closed","template":"","meta":{"footnotes":""},"class_list":["post-23874","page","type-page","status-publish"],"yoast_head":"<!-- This site is optimized with the Yoast SEO plugin v27.5 - https:\/\/yoast.com\/product\/yoast-seo-wordpress\/ -->\n<title>Seelsorge - Alive Church<\/title>\n<meta name=\"robots\" content=\"index, follow, max-snippet:-1, max-image-preview:large, max-video-preview:-1\" \/>\n<link rel=\"canonical\" href=\"https:\/\/www.alivechurch.de\/en\/seelsorge\/\" \/>\n<meta property=\"og:locale\" content=\"en_GB\" \/>\n<meta property=\"og:type\" content=\"article\" \/>\n<meta property=\"og:title\" content=\"Seelsorge - Alive Church\" \/>\n<meta property=\"og:url\" content=\"https:\/\/www.alivechurch.de\/en\/seelsorge\/\" \/>\n<meta property=\"og:site_name\" content=\"Alive Church\" \/>\n<meta property=\"article:modified_time\" content=\"2025-02-18T16:40:57+00:00\" \/>\n<meta name=\"twitter:card\" content=\"summary_large_image\" \/>\n<script type=\"application\/ld+json\" class=\"yoast-schema-graph\">{\"@context\":\"https:\\\/\\\/schema.org\",\"@graph\":[{\"@type\":\"WebPage\",\"@id\":\"https:\\\/\\\/www.alivechurch.de\\\/seelsorge\\\/\",\"url\":\"https:\\\/\\\/www.alivechurch.de\\\/seelsorge\\\/\",\"name\":\"Seelsorge - Alive Church\",\"isPartOf\":{\"@id\":\"https:\\\/\\\/www.alivechurch.de\\\/#website\"},\"datePublished\":\"2023-03-06T14:00:56+00:00\",\"dateModified\":\"2025-02-18T16:40:57+00:00\",\"breadcrumb\":{\"@id\":\"https:\\\/\\\/www.alivechurch.de\\\/seelsorge\\\/#breadcrumb\"},\"inLanguage\":\"en-GB\",\"potentialAction\":[{\"@type\":\"ReadAction\",\"target\":[\"https:\\\/\\\/www.alivechurch.de\\\/seelsorge\\\/\"]}]},{\"@type\":\"BreadcrumbList\",\"@id\":\"https:\\\/\\\/www.alivechurch.de\\\/seelsorge\\\/#breadcrumb\",\"itemListElement\":[{\"@type\":\"ListItem\",\"position\":1,\"name\":\"Startseite\",\"item\":\"https:\\\/\\\/www.alivechurch.de\\\/\"},{\"@type\":\"ListItem\",\"position\":2,\"name\":\"Seelsorge\"}]},{\"@type\":\"WebSite\",\"@id\":\"https:\\\/\\\/www.alivechurch.de\\\/#website\",\"url\":\"https:\\\/\\\/www.alivechurch.de\\\/\",\"name\":\"Alive Church\",\"description\":\"Welcome Home\",\"publisher\":{\"@id\":\"https:\\\/\\\/www.alivechurch.de\\\/#organization\"},\"potentialAction\":[{\"@type\":\"SearchAction\",\"target\":{\"@type\":\"EntryPoint\",\"urlTemplate\":\"https:\\\/\\\/www.alivechurch.de\\\/?s={search_term_string}\"},\"query-input\":{\"@type\":\"PropertyValueSpecification\",\"valueRequired\":true,\"valueName\":\"search_term_string\"}}],\"inLanguage\":\"en-GB\"},{\"@type\":\"Organization\",\"@id\":\"https:\\\/\\\/www.alivechurch.de\\\/#organization\",\"name\":\"Alive Church\",\"url\":\"https:\\\/\\\/www.alivechurch.de\\\/\",\"logo\":{\"@type\":\"ImageObject\",\"inLanguage\":\"en-GB\",\"@id\":\"https:\\\/\\\/www.alivechurch.de\\\/#\\\/schema\\\/logo\\\/image\\\/\",\"url\":\"https:\\\/\\\/www.alivechurch.de\\\/wp-content\\\/uploads\\\/2020\\\/04\\\/Logo.png\",\"contentUrl\":\"https:\\\/\\\/www.alivechurch.de\\\/wp-content\\\/uploads\\\/2020\\\/04\\\/Logo.png\",\"width\":1115,\"height\":1100,\"caption\":\"Alive Church\"},\"image\":{\"@id\":\"https:\\\/\\\/www.alivechurch.de\\\/#\\\/schema\\\/logo\\\/image\\\/\"},\"sameAs\":[\"https:\\\/\\\/www.instagram.com\\\/alivechurchde\\\/\"]}]}<\/script>\n<!-- \/ Yoast SEO plugin. -->","yoast_head_json":{"title":"Seelsorge - Alive Church","robots":{"index":"index","follow":"follow","max-snippet":"max-snippet:-1","max-image-preview":"max-image-preview:large","max-video-preview":"max-video-preview:-1"},"canonical":"https:\/\/www.alivechurch.de\/en\/seelsorge\/","og_locale":"en_GB","og_type":"article","og_title":"Seelsorge - Alive Church","og_url":"https:\/\/www.alivechurch.de\/en\/seelsorge\/","og_site_name":"Alive Church","article_modified_time":"2025-02-18T16:40:57+00:00","twitter_card":"summary_large_image","schema":{"@context":"https:\/\/schema.org","@graph":[{"@type":"WebPage","@id":"https:\/\/www.alivechurch.de\/seelsorge\/","url":"https:\/\/www.alivechurch.de\/seelsorge\/","name":"Seelsorge - Alive Church","isPartOf":{"@id":"https:\/\/www.alivechurch.de\/#website"},"datePublished":"2023-03-06T14:00:56+00:00","dateModified":"2025-02-18T16:40:57+00:00","breadcrumb":{"@id":"https:\/\/www.alivechurch.de\/seelsorge\/#breadcrumb"},"inLanguage":"en-GB","potentialAction":[{"@type":"ReadAction","target":["https:\/\/www.alivechurch.de\/seelsorge\/"]}]},{"@type":"BreadcrumbList","@id":"https:\/\/www.alivechurch.de\/seelsorge\/#breadcrumb","itemListElement":[{"@type":"ListItem","position":1,"name":"Startseite","item":"https:\/\/www.alivechurch.de\/"},{"@type":"ListItem","position":2,"name":"Seelsorge"}]},{"@type":"WebSite","@id":"https:\/\/www.alivechurch.de\/#website","url":"https:\/\/www.alivechurch.de\/","name":"Alive Church","description":"Welcome Home","publisher":{"@id":"https:\/\/www.alivechurch.de\/#organization"},"potentialAction":[{"@type":"SearchAction","target":{"@type":"EntryPoint","urlTemplate":"https:\/\/www.alivechurch.de\/?s={search_term_string}"},"query-input":{"@type":"PropertyValueSpecification","valueRequired":true,"valueName":"search_term_string"}}],"inLanguage":"en-GB"},{"@type":"Organization","@id":"https:\/\/www.alivechurch.de\/#organization","name":"Alive Church","url":"https:\/\/www.alivechurch.de\/","logo":{"@type":"ImageObject","inLanguage":"en-GB","@id":"https:\/\/www.alivechurch.de\/#\/schema\/logo\/image\/","url":"https:\/\/www.alivechurch.de\/wp-content\/uploads\/2020\/04\/Logo.png","contentUrl":"https:\/\/www.alivechurch.de\/wp-content\/uploads\/2020\/04\/Logo.png","width":1115,"height":1100,"caption":"Alive Church"},"image":{"@id":"https:\/\/www.alivechurch.de\/#\/schema\/logo\/image\/"},"sameAs":["https:\/\/www.instagram.com\/alivechurchde\/"]}]}},"_links":{"self":[{"href":"https:\/\/www.alivechurch.de\/en\/wp-json\/wp\/v2\/pages\/23874","targetHints":{"allow":["GET"]}}],"collection":[{"href":"https:\/\/www.alivechurch.de\/en\/wp-json\/wp\/v2\/pages"}],"about":[{"href":"https:\/\/www.alivechurch.de\/en\/wp-json\/wp\/v2\/types\/page"}],"author":[{"embeddable":true,"href":"https:\/\/www.alivechurch.de\/en\/wp-json\/wp\/v2\/users\/10"}],"replies":[{"embeddable":true,"href":"https:\/\/www.alivechurch.de\/en\/wp-json\/wp\/v2\/comments?post=23874"}],"version-history":[{"count":8,"href":"https:\/\/www.alivechurch.de\/en\/wp-json\/wp\/v2\/pages\/23874\/revisions"}],"predecessor-version":[{"id":29221,"href":"https:\/\/www.alivechurch.de\/en\/wp-json\/wp\/v2\/pages\/23874\/revisions\/29221"}],"wp:attachment":[{"href":"https:\/\/www.alivechurch.de\/en\/wp-json\/wp\/v2\/media?parent=23874"}],"curies":[{"name":"wp","href":"https:\/\/api.w.org\/{rel}","templated":true}]}}