{"id":21674,"date":"2022-09-03T19:28:23","date_gmt":"2022-09-03T17:28:23","guid":{"rendered":"https:\/\/www.alivechurch.de\/auditions-2\/vocal-auditions\/"},"modified":"2022-09-03T19:28:23","modified_gmt":"2022-09-03T17:28:23","slug":"vocal-auditions","status":"publish","type":"page","link":"https:\/\/www.alivechurch.de\/en\/vocal-auditions\/","title":{"rendered":"Audition Form"},"content":{"rendered":"\n\t\t<div id=\"fws_69e10373cd101\"  data-column-margin=\"default\" data-midnight=\"dark\"  class=\"wpb_row vc_row-fluid vc_row\"  style=\"padding-top: 0px; padding-bottom: 0px; \"><div class=\"row-bg-wrap\" data-bg-animation=\"none\" data-bg-animation-delay=\"\" data-bg-overlay=\"false\"><div class=\"inner-wrap row-bg-layer\" ><div class=\"row-bg viewport-desktop\"  style=\"\"><\/div><\/div><\/div><div class=\"row_col_wrap_12 col span_12 dark left\">\n\t<div  class=\"vc_col-sm-2 wpb_column column_container vc_column_container col no-extra-padding inherit_tablet inherit_phone \"  data-padding-pos=\"all\" data-has-bg-color=\"false\" data-bg-color=\"\" data-bg-opacity=\"1\" data-animation=\"\" data-delay=\"0\" >\n\t\t<div class=\"vc_column-inner\" >\n\t\t\t<div class=\"wpb_wrapper\">\n\t\t\t\t\n\t\t\t<\/div> \n\t\t<\/div>\n\t<\/div> \n\n\t<div  class=\"vc_col-sm-8 wpb_column column_container vc_column_container col no-extra-padding inherit_tablet inherit_phone \"  data-padding-pos=\"all\" data-has-bg-color=\"false\" data-bg-color=\"\" data-bg-opacity=\"1\" data-animation=\"\" data-delay=\"0\" >\n\t\t<div class=\"vc_column-inner\" >\n\t\t\t<div class=\"wpb_wrapper\">\n\t\t\t\t<div class=\"wpforms-container wpforms-container-full\" id=\"wpforms-19975\"><form id=\"wpforms-form-19975\" class=\"wpforms-validate wpforms-form wpforms-ajax-form\" data-formid=\"19975\" method=\"post\" enctype=\"multipart\/form-data\" action=\"\/en\/wp-json\/wp\/v2\/pages\/21674\" data-token=\"6460524a74711b63695eaf20df8470af\" data-token-time=\"1776354163\"><noscript class=\"wpforms-error-noscript\">Please enable JavaScript in your browser to complete this form.<\/noscript><div class=\"wpforms-field-container\"><div id=\"wpforms-19975-field_0-container\" class=\"wpforms-field wpforms-field-name\" data-field-id=\"0\"><label class=\"wpforms-field-label\">Name <span class=\"wpforms-required-label\">*<\/span><\/label><div class=\"wpforms-field-row wpforms-field-medium\"><div class=\"wpforms-field-row-block wpforms-first wpforms-one-half\"><input type=\"text\" id=\"wpforms-19975-field_0\" class=\"wpforms-field-name-first wpforms-field-required\" name=\"wpforms[fields][0][first]\" required><label for=\"wpforms-19975-field_0\" class=\"wpforms-field-sublabel after\">First<\/label><\/div><div class=\"wpforms-field-row-block wpforms-one-half\"><input type=\"text\" id=\"wpforms-19975-field_0-last\" class=\"wpforms-field-name-last wpforms-field-required\" name=\"wpforms[fields][0][last]\" required><label for=\"wpforms-19975-field_0-last\" class=\"wpforms-field-sublabel after\">Last<\/label><\/div><\/div><\/div><div id=\"wpforms-19975-field_5-container\" class=\"wpforms-field wpforms-field-phone\" data-field-id=\"5\"><label class=\"wpforms-field-label\" for=\"wpforms-19975-field_5\">Telefonnummer <span class=\"wpforms-required-label\">*<\/span><\/label><input type=\"tel\" id=\"wpforms-19975-field_5\" class=\"wpforms-field-medium wpforms-field-required wpforms-smart-phone-field\" data-rule-smart-phone-field=\"true\" name=\"wpforms[fields][5]\" aria-label=\"Telefonnummer\" required><\/div><div id=\"wpforms-19975-field_1-container\" class=\"wpforms-field wpforms-field-email\" data-field-id=\"1\"><label class=\"wpforms-field-label\" for=\"wpforms-19975-field_1\">Email <span class=\"wpforms-required-label\">*<\/span><\/label><input type=\"email\" id=\"wpforms-19975-field_1\" class=\"wpforms-field-medium wpforms-field-required\" name=\"wpforms[fields][1]\" spellcheck=\"false\" required><\/div><div id=\"wpforms-19975-field_13-container\" class=\"wpforms-field wpforms-field-radio\" data-field-id=\"13\"><label class=\"wpforms-field-label\">Geschlecht <span class=\"wpforms-required-label\">*<\/span><\/label><ul id=\"wpforms-19975-field_13\" class=\"wpforms-field-required\"><li class=\"choice-1 depth-1\"><input type=\"radio\" id=\"wpforms-19975-field_13_1\" name=\"wpforms[fields][13]\" value=\"Mann\" required ><label class=\"wpforms-field-label-inline\" for=\"wpforms-19975-field_13_1\">Mann<\/label><\/li><li class=\"choice-2 depth-1\"><input type=\"radio\" id=\"wpforms-19975-field_13_2\" name=\"wpforms[fields][13]\" value=\"Frau\" required ><label class=\"wpforms-field-label-inline\" for=\"wpforms-19975-field_13_2\">Frau<\/label><\/li><\/ul><\/div><div id=\"wpforms-19975-field_22-container\" class=\"wpforms-field wpforms-field-number\" data-field-id=\"22\"><label class=\"wpforms-field-label\" for=\"wpforms-19975-field_22\">Alter <span class=\"wpforms-required-label\">*<\/span><\/label><input type=\"number\" id=\"wpforms-19975-field_22\" class=\"wpforms-field-medium wpforms-field-required\" name=\"wpforms[fields][22]\" step=\"any\" required><\/div><div id=\"wpforms-19975-field_15-container\" class=\"wpforms-field wpforms-field-text\" data-field-id=\"15\"><label class=\"wpforms-field-label\" for=\"wpforms-19975-field_15\">Beschreibe kurz deine Beziehung zu Jesus <span class=\"wpforms-required-label\">*<\/span><\/label><input type=\"text\" id=\"wpforms-19975-field_15\" class=\"wpforms-field-medium wpforms-field-required\" name=\"wpforms[fields][15]\" required><\/div><div id=\"wpforms-19975-field_18-container\" class=\"wpforms-field wpforms-field-radio\" data-field-id=\"18\"><label class=\"wpforms-field-label\">In welcher Kirche bist du zuhause? <span class=\"wpforms-required-label\">*<\/span><\/label><ul id=\"wpforms-19975-field_18\" class=\"wpforms-field-required\"><li class=\"choice-1 depth-1\"><input type=\"radio\" id=\"wpforms-19975-field_18_1\" name=\"wpforms[fields][18]\" value=\"Alive Church\" required ><label class=\"wpforms-field-label-inline\" for=\"wpforms-19975-field_18_1\">Alive Church<\/label><\/li><li class=\"choice-2 depth-1\"><input type=\"radio\" id=\"wpforms-19975-field_18_2\" name=\"wpforms[fields][18]\" value=\"Ich besuche eine andere Kirche\" required ><label class=\"wpforms-field-label-inline\" for=\"wpforms-19975-field_18_2\">Ich besuche eine andere Kirche<\/label><\/li><li class=\"choice-3 depth-1\"><input type=\"radio\" id=\"wpforms-19975-field_18_3\" name=\"wpforms[fields][18]\" value=\"Ich diene in einer anderen Kirche\" required ><label class=\"wpforms-field-label-inline\" for=\"wpforms-19975-field_18_3\">Ich diene in einer anderen Kirche<\/label><\/li><\/ul><\/div><div id=\"wpforms-19975-field_23-container\" class=\"wpforms-field wpforms-field-text\" data-field-id=\"23\"><label class=\"wpforms-field-label\" for=\"wpforms-19975-field_23\">(Wenn du &quot;Ich besuche eine andere Kirche&quot; oder &quot;Ich diene in einer anderen Kirche&quot; ausgew\u00e4hlt hast) Wenn ja, welche?<\/label><input type=\"text\" id=\"wpforms-19975-field_23\" class=\"wpforms-field-medium\" name=\"wpforms[fields][23]\" ><\/div><div id=\"wpforms-19975-field_19-container\" class=\"wpforms-field wpforms-field-text\" data-field-id=\"19\"><label class=\"wpforms-field-label\" for=\"wpforms-19975-field_19\">Wie lange bist du schon in der Alive Church? <span class=\"wpforms-required-label\">*<\/span><\/label><input type=\"text\" id=\"wpforms-19975-field_19\" class=\"wpforms-field-medium wpforms-field-required\" name=\"wpforms[fields][19]\" required><\/div><div id=\"wpforms-19975-field_21-container\" class=\"wpforms-field wpforms-field-text\" data-field-id=\"21\"><label class=\"wpforms-field-label\" for=\"wpforms-19975-field_21\">Bist du schon ein Teil des Dream Teams? Wenn ja, welches Team? <span class=\"wpforms-required-label\">*<\/span><\/label><input type=\"text\" id=\"wpforms-19975-field_21\" class=\"wpforms-field-medium wpforms-field-required\" name=\"wpforms[fields][21]\" required><\/div><div id=\"wpforms-19975-field_7-container\" class=\"wpforms-field wpforms-field-text\" data-field-id=\"7\"><label class=\"wpforms-field-label\" for=\"wpforms-19975-field_7\">Hast du schon Erfahrung im Worshipleiten? <span class=\"wpforms-required-label\">*<\/span><\/label><input type=\"text\" id=\"wpforms-19975-field_7\" class=\"wpforms-field-medium wpforms-field-required\" name=\"wpforms[fields][7]\" required><\/div><div id=\"wpforms-19975-field_8-container\" class=\"wpforms-field wpforms-field-text\" data-field-id=\"8\"><label class=\"wpforms-field-label\" for=\"wpforms-19975-field_8\">Wie lange singst du schon? <span class=\"wpforms-required-label\">*<\/span><\/label><input type=\"text\" id=\"wpforms-19975-field_8\" class=\"wpforms-field-medium wpforms-field-required\" name=\"wpforms[fields][8]\" required><\/div><div id=\"wpforms-19975-field_10-container\" class=\"wpforms-field wpforms-field-text\" data-field-id=\"10\"><label class=\"wpforms-field-label\" for=\"wpforms-19975-field_10\">Hattest du Unterricht?  <span class=\"wpforms-required-label\">*<\/span><\/label><input type=\"text\" id=\"wpforms-19975-field_10\" class=\"wpforms-field-medium wpforms-field-required\" name=\"wpforms[fields][10]\" required><\/div><div id=\"wpforms-19975-field_11-container\" class=\"wpforms-field wpforms-field-text\" data-field-id=\"11\"><label class=\"wpforms-field-label\" for=\"wpforms-19975-field_11\">Wo und bis wann hast du zuletzt im Lobpreis gedient? <span class=\"wpforms-required-label\">*<\/span><\/label><input type=\"text\" id=\"wpforms-19975-field_11\" class=\"wpforms-field-medium wpforms-field-required\" name=\"wpforms[fields][11]\" required><\/div><div id=\"wpforms-19975-field_2-container\" class=\"wpforms-field wpforms-field-textarea\" data-field-id=\"2\"><label class=\"wpforms-field-label\" for=\"wpforms-19975-field_2\">Anmerkungen<\/label><textarea id=\"wpforms-19975-field_2\" class=\"wpforms-field-medium\" name=\"wpforms[fields][2]\" ><\/textarea><\/div><div id=\"wpforms-19975-field_12-container\" class=\"wpforms-field wpforms-field-checkbox\" data-field-id=\"12\"><label class=\"wpforms-field-label\">DSGVO <span class=\"wpforms-required-label\">*<\/span><\/label><ul id=\"wpforms-19975-field_12\" class=\"wpforms-field-required\"><li class=\"choice-1 depth-1\"><input type=\"checkbox\" id=\"wpforms-19975-field_12_1\" name=\"wpforms[fields][12][]\" value=\"Ich willige ein, dass:\" required ><label class=\"wpforms-field-label-inline\" for=\"wpforms-19975-field_12_1\">Ich willige ein, dass:<\/label><\/li><\/ul><div class=\"wpforms-field-description\">meine Daten zum Zweck der Gemeindearbeit gem\u00e4\u00df der gesetzlichen Bestimmungen zum Datenschutz gespeichert und verarbeitet werden. Der weiteren Verarbeitung kannst du jederzeit widersprechen, sowie Berichtigung, L\u00f6schung und Auskunft \u00fcber deine Daten verlangen, soweit dies gesetzlich zul\u00e4ssig ist. Weitere Informationen (inkl. Datenschutzerkl\u00e4rung) unter datenschutz@alivechurch.de<\/div><\/div><\/div><!-- .wpforms-field-container --><div class=\"wpforms-recaptcha-container wpforms-is-recaptcha wpforms-is-recaptcha-type-v2\" ><div class=\"g-recaptcha\" data-sitekey=\"6LdICUMgAAAAAERAiojfHmF9qqS0K4zusbOm9uCC\"><\/div><input type=\"text\" name=\"g-recaptcha-hidden\" class=\"wpforms-recaptcha-hidden\" style=\"position:absolute!important;clip:rect(0,0,0,0)!important;height:1px!important;width:1px!important;border:0!important;overflow:hidden!important;padding:0!important;margin:0!important;\" data-rule-recaptcha=\"1\"><\/div><div class=\"wpforms-submit-container\" ><input type=\"hidden\" name=\"wpforms[id]\" value=\"19975\"><input type=\"hidden\" name=\"page_title\" value=\"\"><input type=\"hidden\" name=\"page_url\" value=\"https:\/\/www.alivechurch.de\/en\/wp-json\/wp\/v2\/pages\/21674\"><input type=\"hidden\" name=\"url_referer\" value=\"\"><button type=\"submit\" name=\"wpforms[submit]\" id=\"wpforms-submit-19975\" class=\"wpforms-submit\" data-alt-text=\"Senden...\" data-submit-text=\"Senden\" aria-live=\"assertive\" value=\"wpforms-submit\">Senden<\/button><img loading=\"lazy\" decoding=\"async\" src=\"https:\/\/www.alivechurch.de\/wp-content\/plugins\/wpforms\/assets\/images\/submit-spin.svg\" class=\"wpforms-submit-spinner\" style=\"display: none;\" width=\"26\" height=\"26\" alt=\"Loading\"><\/div><\/form><\/div>  <!-- .wpforms-container -->\n\t\t\t<\/div> \n\t\t<\/div>\n\t<\/div> \n\n\t<div  class=\"vc_col-sm-2 wpb_column column_container vc_column_container col no-extra-padding inherit_tablet inherit_phone \"  data-padding-pos=\"all\" data-has-bg-color=\"false\" data-bg-color=\"\" data-bg-opacity=\"1\" data-animation=\"\" data-delay=\"0\" >\n\t\t<div class=\"vc_column-inner\" >\n\t\t\t<div class=\"wpb_wrapper\">\n\t\t\t\t\n\t\t\t<\/div> \n\t\t<\/div>\n\t<\/div> \n<\/div><\/div>\n","protected":false},"excerpt":{"rendered":"Please enable JavaScript in your browser to complete this form.Name *FirstLastTelefonnummer *Email *Geschlecht *MannFrauAlter *Beschreibe kurz deine Beziehung zu Jesus *In welcher Kirche bist du...","protected":false},"author":10,"featured_media":0,"parent":0,"menu_order":0,"comment_status":"closed","ping_status":"closed","template":"","meta":{"footnotes":""},"class_list":["post-21674","page","type-page","status-publish"],"yoast_head":"<!-- This site is optimized with the Yoast SEO plugin v27.4 - https:\/\/yoast.com\/product\/yoast-seo-wordpress\/ -->\n<title>Audition Form - Alive Church<\/title>\n<meta name=\"robots\" content=\"index, follow, max-snippet:-1, max-image-preview:large, max-video-preview:-1\" \/>\n<link rel=\"canonical\" href=\"https:\/\/www.alivechurch.de\/en\/auditions-2__trashed\/vocal-auditions\/\" \/>\n<meta property=\"og:locale\" content=\"en_GB\" \/>\n<meta property=\"og:type\" content=\"article\" \/>\n<meta property=\"og:title\" content=\"Audition Form - Alive Church\" \/>\n<meta property=\"og:url\" content=\"https:\/\/www.alivechurch.de\/en\/auditions-2__trashed\/vocal-auditions\/\" \/>\n<meta property=\"og:site_name\" content=\"Alive Church\" \/>\n<meta name=\"twitter:card\" content=\"summary_large_image\" \/>\n<meta name=\"twitter:label1\" content=\"Estimated reading time\" \/>\n\t<meta name=\"twitter:data1\" content=\"1 minute\" \/>\n<script type=\"application\/ld+json\" class=\"yoast-schema-graph\">{\"@context\":\"https:\\\/\\\/schema.org\",\"@graph\":[{\"@type\":\"WebPage\",\"@id\":\"https:\\\/\\\/www.alivechurch.de\\\/auditions-2__trashed\\\/vocal-auditions\\\/\",\"url\":\"https:\\\/\\\/www.alivechurch.de\\\/auditions-2__trashed\\\/vocal-auditions\\\/\",\"name\":\"Audition Form - Alive Church\",\"isPartOf\":{\"@id\":\"https:\\\/\\\/www.alivechurch.de\\\/#website\"},\"datePublished\":\"2022-09-03T17:28:23+00:00\",\"breadcrumb\":{\"@id\":\"https:\\\/\\\/www.alivechurch.de\\\/auditions-2__trashed\\\/vocal-auditions\\\/#breadcrumb\"},\"inLanguage\":\"en-GB\",\"potentialAction\":[{\"@type\":\"ReadAction\",\"target\":[\"https:\\\/\\\/www.alivechurch.de\\\/auditions-2__trashed\\\/vocal-auditions\\\/\"]}]},{\"@type\":\"BreadcrumbList\",\"@id\":\"https:\\\/\\\/www.alivechurch.de\\\/auditions-2__trashed\\\/vocal-auditions\\\/#breadcrumb\",\"itemListElement\":[{\"@type\":\"ListItem\",\"position\":1,\"name\":\"Startseite\",\"item\":\"https:\\\/\\\/www.alivechurch.de\\\/\"},{\"@type\":\"ListItem\",\"position\":2,\"name\":\"Audition Form\"}]},{\"@type\":\"WebSite\",\"@id\":\"https:\\\/\\\/www.alivechurch.de\\\/#website\",\"url\":\"https:\\\/\\\/www.alivechurch.de\\\/\",\"name\":\"Alive Church\",\"description\":\"Welcome Home\",\"publisher\":{\"@id\":\"https:\\\/\\\/www.alivechurch.de\\\/#organization\"},\"potentialAction\":[{\"@type\":\"SearchAction\",\"target\":{\"@type\":\"EntryPoint\",\"urlTemplate\":\"https:\\\/\\\/www.alivechurch.de\\\/?s={search_term_string}\"},\"query-input\":{\"@type\":\"PropertyValueSpecification\",\"valueRequired\":true,\"valueName\":\"search_term_string\"}}],\"inLanguage\":\"en-GB\"},{\"@type\":\"Organization\",\"@id\":\"https:\\\/\\\/www.alivechurch.de\\\/#organization\",\"name\":\"Alive Church\",\"url\":\"https:\\\/\\\/www.alivechurch.de\\\/\",\"logo\":{\"@type\":\"ImageObject\",\"inLanguage\":\"en-GB\",\"@id\":\"https:\\\/\\\/www.alivechurch.de\\\/#\\\/schema\\\/logo\\\/image\\\/\",\"url\":\"https:\\\/\\\/www.alivechurch.de\\\/wp-content\\\/uploads\\\/2020\\\/04\\\/Logo.png\",\"contentUrl\":\"https:\\\/\\\/www.alivechurch.de\\\/wp-content\\\/uploads\\\/2020\\\/04\\\/Logo.png\",\"width\":1115,\"height\":1100,\"caption\":\"Alive Church\"},\"image\":{\"@id\":\"https:\\\/\\\/www.alivechurch.de\\\/#\\\/schema\\\/logo\\\/image\\\/\"},\"sameAs\":[\"https:\\\/\\\/www.instagram.com\\\/alivechurchde\\\/\"]}]}<\/script>\n<!-- \/ Yoast SEO plugin. -->","yoast_head_json":{"title":"Audition Form - Alive Church","robots":{"index":"index","follow":"follow","max-snippet":"max-snippet:-1","max-image-preview":"max-image-preview:large","max-video-preview":"max-video-preview:-1"},"canonical":"https:\/\/www.alivechurch.de\/en\/auditions-2__trashed\/vocal-auditions\/","og_locale":"en_GB","og_type":"article","og_title":"Audition Form - Alive Church","og_url":"https:\/\/www.alivechurch.de\/en\/auditions-2__trashed\/vocal-auditions\/","og_site_name":"Alive Church","twitter_card":"summary_large_image","twitter_misc":{"Estimated reading time":"1 minute"},"schema":{"@context":"https:\/\/schema.org","@graph":[{"@type":"WebPage","@id":"https:\/\/www.alivechurch.de\/auditions-2__trashed\/vocal-auditions\/","url":"https:\/\/www.alivechurch.de\/auditions-2__trashed\/vocal-auditions\/","name":"Audition Form - Alive Church","isPartOf":{"@id":"https:\/\/www.alivechurch.de\/#website"},"datePublished":"2022-09-03T17:28:23+00:00","breadcrumb":{"@id":"https:\/\/www.alivechurch.de\/auditions-2__trashed\/vocal-auditions\/#breadcrumb"},"inLanguage":"en-GB","potentialAction":[{"@type":"ReadAction","target":["https:\/\/www.alivechurch.de\/auditions-2__trashed\/vocal-auditions\/"]}]},{"@type":"BreadcrumbList","@id":"https:\/\/www.alivechurch.de\/auditions-2__trashed\/vocal-auditions\/#breadcrumb","itemListElement":[{"@type":"ListItem","position":1,"name":"Startseite","item":"https:\/\/www.alivechurch.de\/"},{"@type":"ListItem","position":2,"name":"Audition Form"}]},{"@type":"WebSite","@id":"https:\/\/www.alivechurch.de\/#website","url":"https:\/\/www.alivechurch.de\/","name":"Alive Church","description":"Welcome Home","publisher":{"@id":"https:\/\/www.alivechurch.de\/#organization"},"potentialAction":[{"@type":"SearchAction","target":{"@type":"EntryPoint","urlTemplate":"https:\/\/www.alivechurch.de\/?s={search_term_string}"},"query-input":{"@type":"PropertyValueSpecification","valueRequired":true,"valueName":"search_term_string"}}],"inLanguage":"en-GB"},{"@type":"Organization","@id":"https:\/\/www.alivechurch.de\/#organization","name":"Alive Church","url":"https:\/\/www.alivechurch.de\/","logo":{"@type":"ImageObject","inLanguage":"en-GB","@id":"https:\/\/www.alivechurch.de\/#\/schema\/logo\/image\/","url":"https:\/\/www.alivechurch.de\/wp-content\/uploads\/2020\/04\/Logo.png","contentUrl":"https:\/\/www.alivechurch.de\/wp-content\/uploads\/2020\/04\/Logo.png","width":1115,"height":1100,"caption":"Alive Church"},"image":{"@id":"https:\/\/www.alivechurch.de\/#\/schema\/logo\/image\/"},"sameAs":["https:\/\/www.instagram.com\/alivechurchde\/"]}]}},"_links":{"self":[{"href":"https:\/\/www.alivechurch.de\/en\/wp-json\/wp\/v2\/pages\/21674","targetHints":{"allow":["GET"]}}],"collection":[{"href":"https:\/\/www.alivechurch.de\/en\/wp-json\/wp\/v2\/pages"}],"about":[{"href":"https:\/\/www.alivechurch.de\/en\/wp-json\/wp\/v2\/types\/page"}],"author":[{"embeddable":true,"href":"https:\/\/www.alivechurch.de\/en\/wp-json\/wp\/v2\/users\/10"}],"replies":[{"embeddable":true,"href":"https:\/\/www.alivechurch.de\/en\/wp-json\/wp\/v2\/comments?post=21674"}],"version-history":[{"count":0,"href":"https:\/\/www.alivechurch.de\/en\/wp-json\/wp\/v2\/pages\/21674\/revisions"}],"wp:attachment":[{"href":"https:\/\/www.alivechurch.de\/en\/wp-json\/wp\/v2\/media?parent=21674"}],"curies":[{"name":"wp","href":"https:\/\/api.w.org\/{rel}","templated":true}]}}